{"id":7497,"date":"2021-08-04T09:58:08","date_gmt":"2021-08-04T08:58:08","guid":{"rendered":"https:\/\/www.nwrollers.co.uk\/?page_id=7497"},"modified":"2025-11-28T13:20:42","modified_gmt":"2025-11-28T13:20:42","slug":"gdpr-privacy-policy","status":"publish","type":"page","link":"https:\/\/www.nwrollers.co.uk\/ro\/gdpr-privacy-policy\/","title":{"rendered":"Politica de confiden\u021bialitate \u0219i GDPR"},"content":{"rendered":"<div data-elementor-type=\"wp-page\" data-elementor-id=\"7497\" class=\"elementor elementor-7497\">\n\t\t\t\t<div class=\"elementor-element elementor-element-3384481 e-flex e-con-boxed e-con e-parent\" data-id=\"3384481\" data-element_type=\"container\" data-e-type=\"container\" data-settings=\"{&quot;background_background&quot;:&quot;classic&quot;}\">\n\t\t\t\t\t<div class=\"e-con-inner\">\n\t\t<div class=\"elementor-element elementor-element-8edc458 e-con-full e-flex e-con e-child\" data-id=\"8edc458\" data-element_type=\"container\" data-e-type=\"container\">\n\t\t\t\t<div class=\"elementor-element elementor-element-e0bbf4b elementor-widget elementor-widget-heading\" data-id=\"e0bbf4b\" data-element_type=\"widget\" data-e-type=\"widget\" data-widget_type=\"heading.default\">\n\t\t\t\t\t<h1 class=\"elementor-heading-title elementor-size-default\">Privacy Policy<\/h1>\t\t\t\t<\/div>\n\t\t\t\t<\/div>\n\t\t\t\t\t<\/div>\n\t\t\t\t<\/div>\n\t\t<div class=\"elementor-element elementor-element-7e207244 e-flex e-con-boxed e-con e-parent\" data-id=\"7e207244\" data-element_type=\"container\" data-e-type=\"container\">\n\t\t\t\t\t<div class=\"e-con-inner\">\n\t\t\t\t<div class=\"elementor-element elementor-element-50008280 elementor-widget elementor-widget-text-editor\" data-id=\"50008280\" data-element_type=\"widget\" data-e-type=\"widget\" data-widget_type=\"text-editor.default\">\n\t\t\t\t\t\t\t\t\t<h2><span style=\"font-weight: 400;\">Cine suntem noi<\/span><\/h2><p>Adresa site-ului nostru web este: https:\/\/www.nwrollers.co.uk<\/p><p>Putem fi contacta\u021bi prin e-mail la enquiries@nwrollers.co.uk<\/p><p>Putem fi contactati telefonic la\u00a0<strong>+44 (0) 1928 571711<\/strong><\/p><hr \/><p>Aceast\u0103 politic\u0103 de confiden\u021bialitate stabile\u0219te modul \u00een care NW Roller Services Ltd utilizeaz\u0103 \u0219i protejeaz\u0103 orice informa\u021bii pe care le oferi\u021bi Companiei atunci c\u00e2nd utiliza\u021bi acest site web. Informa\u021biile pot fi colectate \u0219i atunci c\u00e2nd ne contacta\u021bi prin telefon, po\u0219t\u0103 sau e-mail.<\/p><p>NW Roller Services Ltd se angajeaz\u0103 s\u0103 se asigure c\u0103 confiden\u021bialitatea dumneavoastr\u0103 este protejat\u0103. Dac\u0103 ar trebui s\u0103 v\u0103 cerem anumite informa\u021bii prin care pute\u021bi fi identificat, atunci pute\u021bi fi sigur c\u0103 acestea vor fi utilizate numai \u00een conformitate cu aceast\u0103 declara\u021bie de confiden\u021bialitate. Aceast\u0103 politic\u0103 este \u00een vigoare de la 27.10.2021.<\/p><p><strong>Ce colect\u0103m<\/strong><\/p><p>Putem colecta urm\u0103toarele informa\u021bii:<\/p><ul><li>Numele \u0219i titlul postului<\/li><li>Informa\u021bii de contact, inclusiv adresa po\u0219tal\u0103 \u0219i e-mail<\/li><li>Alte informa\u021bii relevante pentru \u00eentrebarea dvs<\/li><li>Num\u0103r de \u00eenregistrare sau TVA al companiei<\/li><li>Numele individuale ale unui angajat al \u201eCompaniei\u201d.<\/li><\/ul><p><strong>Ce facem cu informa\u021biile pe care le adun\u0103m<\/strong><\/p><p>Avem nevoie de anumite informa\u021bii pentru a v\u0103 oferi un serviciu bun \u0219i \u00een special din urm\u0103toarele motive:<\/p><ul><li>p\u0103strarea eviden\u021bei interne<\/li><li>putem folosi informa\u021biile pentru a ajuta la \u00eembun\u0103t\u0103\u021birea produselor \u0219i serviciilor noastre<\/li><li>Putem trimite periodic e-mailuri promo\u021bionale despre produse noi, oferte speciale sau alte informa\u021bii pe care credem c\u0103 le-a\u021bi putea g\u0103si interesante folosind adresa de e-mail pe care a\u021bi furnizat-o<\/li><li>Din c\u00e2nd \u00een c\u00e2nd, putem folosi informa\u021biile dvs. pentru a v\u0103 contacta \u00een scopuri de cercetare de pia\u021b\u0103.<\/li><\/ul><p>Dac\u0103 a\u021bi fost de acord anterior s\u0103 folosim informa\u021biile dumneavoastr\u0103 personale \u00een scopuri de marketing direct, v\u0103 pute\u021bi r\u0103zg\u00e2ndi \u00een orice moment, scriindu-ne la adresa afi\u0219at\u0103 la \u00eenceputul acestui document.<\/p><p><strong>Securitate<\/strong><\/p><p>Ne angaj\u0103m s\u0103 ne asigur\u0103m c\u0103 informa\u021biile dumneavoastr\u0103 sunt \u00een siguran\u021b\u0103. Pentru a preveni accesul sau dezv\u0103luirea neautorizate, am implementat proceduri fizice, electronice \u0219i manageriale adecvate pentru a proteja \u0219i a securiza informa\u021biile pe care le colect\u0103m.<\/p><p>Nu vom vinde sau distribui informa\u021biile dumneavoastr\u0103 personale c\u0103tre ter\u021bi dec\u00e2t dac\u0103 avem permisiunea dumneavoastr\u0103 sau suntem obliga\u021bi prin lege s\u0103 facem acest lucru.<\/p><p><strong>Regulamentul general privind protec\u021bia datelor \u2013 Baze legale pentru prelucrarea informa\u021biilor<\/strong><\/p><p>North West Roller Services Ltd este con\u0219tient\u0103 de bazele legale \u00een baza c\u0103rora informa\u021biile pot fi prelucrate \u0219i le va respecta, dup\u0103 caz \u0219i \u00een conformitate cu regulamentul.<\/p><p>Bazele legale pe care ne vom baza pentru prelucrarea informa\u021biilor pe m\u0103sur\u0103 ce acestea sunt relevante sunt:<\/p><ul><li>Consim\u021b\u0103m\u00e2ntul dvs. Pute\u021bi s\u0103 v\u0103 elimina\u021bi consim\u021b\u0103m\u00e2ntul \u00een orice moment. Pute\u021bi face acest lucru prin e-mail Companiei folosind urm\u0103toarea adres\u0103: <a href=\"mailto:enquiries@nwrollers.co.uk\">enquiries@nwrollers.co.uk<\/a><\/li><li>Avem o obliga\u021bie contractual\u0103.<\/li><li>Avem o obliga\u021bie legal\u0103.<\/li><li>Avem un interes vital.<\/li><li>Avem nevoie de el pentru a \u00eendeplini o sarcin\u0103 public\u0103.<\/li><li>Avem un interes legitim.<\/li><\/ul><p>Pute\u021bi solicita detalii despre informa\u021biile personale pe care le de\u021binem despre dvs. \u00een temeiul Legii privind protec\u021bia datelor din 2018. Dac\u0103 dori\u021bi o copie a informa\u021biilor de\u021binute despre dvs., v\u0103 rug\u0103m s\u0103 ne scrie\u021bi la adresa din partea de sus a acestui document.<\/p><p>Nu vom p\u0103stra informa\u021biile personale pe care le de\u021binem mai mult dec\u00e2t este necesar dintr-un motiv legitim. Vom elimina apoi informa\u021biile dumneavoastr\u0103 prin distrugerea copiilor pe h\u00e2rtie \u0219i \u0219tergerea oric\u0103ror informa\u021bii electronice.<\/p><p><strong>Drepturile dumneavoastr\u0103 de protec\u021bie a datelor<\/strong><\/p><p>Conform legii privind protec\u021bia datelor, ave\u021bi drepturi, inclusiv:<\/p><p>Dreptul dumneavoastr\u0103 de acces \u2013 ave\u021bi dreptul de a ne solicita copii ale informa\u021biilor dumneavoastr\u0103 personale.<\/p><p>Dreptul dumneavoastr\u0103 la rectificare \u2013 ave\u021bi dreptul de a ne cere s\u0103 rectific\u0103m informa\u021biile personale pe care le considera\u021bi inexacte. De asemenea, ave\u021bi dreptul de a ne cere s\u0103 complet\u0103m informa\u021biile pe care le considera\u021bi incomplete.<\/p><p>Dreptul dumneavoastr\u0103 la \u0219tergere \u2013 Ave\u021bi dreptul de a ne cere s\u0103 v\u0103 \u0219tergem informa\u021biile personale \u00een anumite circumstan\u021be.<\/p><p>Dreptul dumneavoastr\u0103 la restric\u021bionarea prelucr\u0103rii \u2013 ave\u021bi dreptul de a ne cere s\u0103 restric\u021bion\u0103m prelucrarea informa\u021biilor dumneavoastr\u0103 personale \u00een anumite circumstan\u021be.<\/p><p>Dreptul dumneavoastr\u0103 de a v\u0103 opune prelucr\u0103rii \u2013 ave\u021bi dreptul de a v\u0103 opune prelucr\u0103rii informa\u021biilor dumneavoastr\u0103 personale \u00een anumite circumstan\u021be.<\/p><p>Dreptul dumneavoastr\u0103 la portabilitatea datelor \u2013 Ave\u021bi dreptul de a cere s\u0103 transfer\u0103m informa\u021biile personale pe care ni le-a\u021bi furnizat c\u0103tre o alt\u0103 organiza\u021bie sau c\u0103tre dumneavoastr\u0103, \u00een anumite circumstan\u021be.<\/p><p>Nu sunte\u021bi obligat s\u0103 pl\u0103ti\u021bi nicio tax\u0103 pentru exercitarea drepturilor dumneavoastr\u0103. Dac\u0103 face\u021bi o cerere, avem la dispozi\u021bie o lun\u0103 pentru a v\u0103 r\u0103spunde.<\/p><p>V\u0103 rug\u0103m s\u0103 ne contacta\u021bi la <a href=\"mailto:enquiries@nwrollers.co.uk\">enquiries@nwrollers.co.uk<\/a> dac\u0103 dori\u021bi s\u0103 face\u021bi o cerere.<\/p><p><strong>Cum s\u0103 te pl\u00e2ngi<\/strong><\/p><p>Dac\u0103 ave\u021bi nel\u0103muriri cu privire la utilizarea de c\u0103tre noi a informa\u021biilor dumneavoastr\u0103 personale, ne pute\u021bi depune o pl\u00e2ngere la adresa <a href=\"mailto:enquiries@nwrollers.co.uk\">enquiries@nwrollers.co.uk<\/a><\/p><p>Pute\u021bi, de asemenea, s\u0103 v\u0103 pl\u00e2nge\u021bi la ICO dac\u0103 sunte\u021bi nemul\u021bumit de modul \u00een care v-am folosit datele.<\/p><p>Adresa ICO:<\/p><p>Biroul Comisarului pentru Informa\u021bii<\/p><p>Casa Wycliffe<\/p><p>Aleea apei<\/p><p>Wilmslow<\/p><p>Cheshire<\/p><p>SK9 5AF<\/p><p>Num\u0103r de asisten\u021b\u0103: 0303 123 1113<\/p><p>Site-ul ICO: <a href=\"https:\/\/www.ico.org.uk\/\">https:\/\/www.ico.org.uk<\/a><\/p>\t\t\t\t\t\t\t\t<\/div>\n\t\t\t\t\t<\/div>\n\t\t\t\t<\/div>\n\t\t\t\t<\/div>","protected":false},"excerpt":{"rendered":"<p>Privacy Policy Who we are Our website address is: https:\/\/www.nwrollers.co.uk We can be contacted by email on\u00a0enquiries@nwrollers.co.uk We can be contacted by phone on\u00a0+44 (0) 1928 571711 This privacy policy sets out how NW Roller Services Ltd uses and protects any information that you give to the Company when you use this website. Information may [&hellip;]<\/p>\n","protected":false},"author":1,"featured_media":0,"parent":0,"menu_order":0,"comment_status":"closed","ping_status":"closed","template":"","meta":{"footnotes":""},"class_list":["post-7497","page","type-page","status-publish","hentry"],"yoast_head":"<!-- This site is optimized with the Yoast SEO plugin v27.5 - https:\/\/yoast.com\/product\/yoast-seo-wordpress\/ -->\n<title>Privacy &amp; GDPR Policy - North West Rollers<\/title>\n<meta name=\"robots\" content=\"index, follow, max-snippet:-1, max-image-preview:large, max-video-preview:-1\" \/>\n<link rel=\"canonical\" href=\"https:\/\/www.nwrollers.co.uk\/ro\/gdpr-privacy-policy\/\" \/>\n<meta property=\"og:locale\" content=\"ro_RO\" \/>\n<meta property=\"og:type\" content=\"article\" \/>\n<meta property=\"og:title\" content=\"Privacy &amp; GDPR Policy - North West Rollers\" \/>\n<meta property=\"og:description\" content=\"Privacy Policy Who we are Our website address is: https:\/\/www.nwrollers.co.uk We can be contacted by email on\u00a0enquiries@nwrollers.co.uk We can be contacted by phone on\u00a0+44 (0) 1928 571711 This privacy policy sets out how NW Roller Services Ltd uses and protects any information that you give to the Company when you use this website. Information may [&hellip;]\" \/>\n<meta property=\"og:url\" content=\"https:\/\/www.nwrollers.co.uk\/ro\/gdpr-privacy-policy\/\" \/>\n<meta property=\"og:site_name\" content=\"North West Rollers\" \/>\n<meta property=\"article:modified_time\" content=\"2025-11-28T13:20:42+00:00\" \/>\n<meta name=\"twitter:card\" content=\"summary_large_image\" \/>\n<meta name=\"twitter:label1\" content=\"Timp estimat pentru citire\" \/>\n\t<meta name=\"twitter:data1\" content=\"4 minute\" \/>\n<script type=\"application\/ld+json\" class=\"yoast-schema-graph\">{\"@context\":\"https:\\\/\\\/schema.org\",\"@graph\":[{\"@type\":\"WebPage\",\"@id\":\"https:\\\/\\\/www.nwrollers.co.uk\\\/it\\\/gdpr-privacy-policy\\\/\",\"url\":\"https:\\\/\\\/www.nwrollers.co.uk\\\/it\\\/gdpr-privacy-policy\\\/\",\"name\":\"Privacy & GDPR Policy - North West Rollers\",\"isPartOf\":{\"@id\":\"https:\\\/\\\/www.nwrollers.co.uk\\\/#website\"},\"datePublished\":\"2021-08-04T08:58:08+00:00\",\"dateModified\":\"2025-11-28T13:20:42+00:00\",\"breadcrumb\":{\"@id\":\"https:\\\/\\\/www.nwrollers.co.uk\\\/it\\\/gdpr-privacy-policy\\\/#breadcrumb\"},\"inLanguage\":\"ro-RO\",\"potentialAction\":[{\"@type\":\"ReadAction\",\"target\":[\"https:\\\/\\\/www.nwrollers.co.uk\\\/it\\\/gdpr-privacy-policy\\\/\"]}]},{\"@type\":\"BreadcrumbList\",\"@id\":\"https:\\\/\\\/www.nwrollers.co.uk\\\/it\\\/gdpr-privacy-policy\\\/#breadcrumb\",\"itemListElement\":[{\"@type\":\"ListItem\",\"position\":1,\"name\":\"Home\",\"item\":\"https:\\\/\\\/www.nwrollers.co.uk\\\/\"},{\"@type\":\"ListItem\",\"position\":2,\"name\":\"Privacy &#038; GDPR Policy\"}]},{\"@type\":\"WebSite\",\"@id\":\"https:\\\/\\\/www.nwrollers.co.uk\\\/#website\",\"url\":\"https:\\\/\\\/www.nwrollers.co.uk\\\/\",\"name\":\"North West Roller Services Ltd\",\"description\":\"Northwest Roller Services Limited supply and service on a global basis the Flexographic and Gravure printing and Lamination Industries\",\"publisher\":{\"@id\":\"https:\\\/\\\/www.nwrollers.co.uk\\\/#organization\"},\"potentialAction\":[{\"@type\":\"SearchAction\",\"target\":{\"@type\":\"EntryPoint\",\"urlTemplate\":\"https:\\\/\\\/www.nwrollers.co.uk\\\/?s={search_term_string}\"},\"query-input\":{\"@type\":\"PropertyValueSpecification\",\"valueRequired\":true,\"valueName\":\"search_term_string\"}}],\"inLanguage\":\"ro-RO\"},{\"@type\":\"Organization\",\"@id\":\"https:\\\/\\\/www.nwrollers.co.uk\\\/#organization\",\"name\":\"North West Roller Services Ltd\",\"url\":\"https:\\\/\\\/www.nwrollers.co.uk\\\/\",\"logo\":{\"@type\":\"ImageObject\",\"inLanguage\":\"ro-RO\",\"@id\":\"https:\\\/\\\/www.nwrollers.co.uk\\\/#\\\/schema\\\/logo\\\/image\\\/\",\"url\":\"https:\\\/\\\/www.nwrollers.co.uk\\\/wp-content\\\/uploads\\\/2019\\\/09\\\/nwrs-logo.svg\",\"contentUrl\":\"https:\\\/\\\/www.nwrollers.co.uk\\\/wp-content\\\/uploads\\\/2019\\\/09\\\/nwrs-logo.svg\",\"width\":1,\"height\":1,\"caption\":\"North West Roller Services Ltd\"},\"image\":{\"@id\":\"https:\\\/\\\/www.nwrollers.co.uk\\\/#\\\/schema\\\/logo\\\/image\\\/\"},\"sameAs\":[\"https:\\\/\\\/www.linkedin.com\\\/company\\\/north-west-roller-services-limited\"]}]}<\/script>\n<!-- \/ Yoast SEO plugin. -->","yoast_head_json":{"title":"Privacy & GDPR Policy - North West Rollers","robots":{"index":"index","follow":"follow","max-snippet":"max-snippet:-1","max-image-preview":"max-image-preview:large","max-video-preview":"max-video-preview:-1"},"canonical":"https:\/\/www.nwrollers.co.uk\/ro\/gdpr-privacy-policy\/","og_locale":"ro_RO","og_type":"article","og_title":"Privacy & GDPR Policy - North West Rollers","og_description":"Privacy Policy Who we are Our website address is: https:\/\/www.nwrollers.co.uk We can be contacted by email on\u00a0enquiries@nwrollers.co.uk We can be contacted by phone on\u00a0+44 (0) 1928 571711 This privacy policy sets out how NW Roller Services Ltd uses and protects any information that you give to the Company when you use this website. Information may [&hellip;]","og_url":"https:\/\/www.nwrollers.co.uk\/ro\/gdpr-privacy-policy\/","og_site_name":"North West Rollers","article_modified_time":"2025-11-28T13:20:42+00:00","twitter_card":"summary_large_image","twitter_misc":{"Timp estimat pentru citire":"4 minute"},"schema":{"@context":"https:\/\/schema.org","@graph":[{"@type":"WebPage","@id":"https:\/\/www.nwrollers.co.uk\/it\/gdpr-privacy-policy\/","url":"https:\/\/www.nwrollers.co.uk\/it\/gdpr-privacy-policy\/","name":"Privacy & GDPR Policy - North West Rollers","isPartOf":{"@id":"https:\/\/www.nwrollers.co.uk\/#website"},"datePublished":"2021-08-04T08:58:08+00:00","dateModified":"2025-11-28T13:20:42+00:00","breadcrumb":{"@id":"https:\/\/www.nwrollers.co.uk\/it\/gdpr-privacy-policy\/#breadcrumb"},"inLanguage":"ro-RO","potentialAction":[{"@type":"ReadAction","target":["https:\/\/www.nwrollers.co.uk\/it\/gdpr-privacy-policy\/"]}]},{"@type":"BreadcrumbList","@id":"https:\/\/www.nwrollers.co.uk\/it\/gdpr-privacy-policy\/#breadcrumb","itemListElement":[{"@type":"ListItem","position":1,"name":"Home","item":"https:\/\/www.nwrollers.co.uk\/"},{"@type":"ListItem","position":2,"name":"Privacy &#038; GDPR Policy"}]},{"@type":"WebSite","@id":"https:\/\/www.nwrollers.co.uk\/#website","url":"https:\/\/www.nwrollers.co.uk\/","name":"North West Roller Services Ltd","description":"Furnizare \u0219i service la nivel global Northwest Roller Services Limited pentru industriile de imprimare \u0219i laminare flexografice \u0219i gravur\u0103","publisher":{"@id":"https:\/\/www.nwrollers.co.uk\/#organization"},"potentialAction":[{"@type":"SearchAction","target":{"@type":"EntryPoint","urlTemplate":"https:\/\/www.nwrollers.co.uk\/?s={search_term_string}"},"query-input":{"@type":"PropertyValueSpecification","valueRequired":true,"valueName":"search_term_string"}}],"inLanguage":"ro-RO"},{"@type":"Organization","@id":"https:\/\/www.nwrollers.co.uk\/#organization","name":"North West Roller Services Ltd","url":"https:\/\/www.nwrollers.co.uk\/","logo":{"@type":"ImageObject","inLanguage":"ro-RO","@id":"https:\/\/www.nwrollers.co.uk\/#\/schema\/logo\/image\/","url":"https:\/\/www.nwrollers.co.uk\/wp-content\/uploads\/2019\/09\/nwrs-logo.svg","contentUrl":"https:\/\/www.nwrollers.co.uk\/wp-content\/uploads\/2019\/09\/nwrs-logo.svg","width":1,"height":1,"caption":"North West Roller Services Ltd"},"image":{"@id":"https:\/\/www.nwrollers.co.uk\/#\/schema\/logo\/image\/"},"sameAs":["https:\/\/www.linkedin.com\/company\/north-west-roller-services-limited"]}]}},"_links":{"self":[{"href":"https:\/\/www.nwrollers.co.uk\/ro\/wp-json\/wp\/v2\/pages\/7497","targetHints":{"allow":["GET"]}}],"collection":[{"href":"https:\/\/www.nwrollers.co.uk\/ro\/wp-json\/wp\/v2\/pages"}],"about":[{"href":"https:\/\/www.nwrollers.co.uk\/ro\/wp-json\/wp\/v2\/types\/page"}],"author":[{"embeddable":true,"href":"https:\/\/www.nwrollers.co.uk\/ro\/wp-json\/wp\/v2\/users\/1"}],"replies":[{"embeddable":true,"href":"https:\/\/www.nwrollers.co.uk\/ro\/wp-json\/wp\/v2\/comments?post=7497"}],"version-history":[{"count":0,"href":"https:\/\/www.nwrollers.co.uk\/ro\/wp-json\/wp\/v2\/pages\/7497\/revisions"}],"wp:attachment":[{"href":"https:\/\/www.nwrollers.co.uk\/ro\/wp-json\/wp\/v2\/media?parent=7497"}],"curies":[{"name":"wp","href":"https:\/\/api.w.org\/{rel}","templated":true}]}}