{"id":7185,"date":"2021-07-08T11:38:24","date_gmt":"2021-07-08T10:38:24","guid":{"rendered":"https:\/\/www.nwrollers.co.uk\/?page_id=7185"},"modified":"2025-11-28T11:55:53","modified_gmt":"2025-11-28T11:55:53","slug":"about-us","status":"publish","type":"page","link":"https:\/\/www.nwrollers.co.uk\/ro\/about-us\/","title":{"rendered":"Despre noi"},"content":{"rendered":"<div data-elementor-type=\"wp-page\" data-elementor-id=\"7185\" class=\"elementor elementor-7185\">\n\t\t\t\t<div class=\"elementor-element elementor-element-2abc517 e-flex e-con-boxed e-con e-parent\" data-id=\"2abc517\" data-element_type=\"container\" data-e-type=\"container\" data-settings=\"{&quot;background_background&quot;:&quot;classic&quot;}\">\n\t\t\t\t\t<div class=\"e-con-inner\">\n\t\t\t\t<div class=\"elementor-element elementor-element-7803e2c elementor-widget elementor-widget-heading\" data-id=\"7803e2c\" data-element_type=\"widget\" data-e-type=\"widget\" data-widget_type=\"heading.default\">\n\t\t\t\t\t<h2 class=\"elementor-heading-title elementor-size-default\">Company Overview<\/h2>\t\t\t\t<\/div>\n\t\t\t\t\t<\/div>\n\t\t\t\t<\/div>\n\t\t<div class=\"elementor-element elementor-element-ed23cdf e-flex e-con-boxed e-con e-parent\" data-id=\"ed23cdf\" data-element_type=\"container\" data-e-type=\"container\">\n\t\t\t\t\t<div class=\"e-con-inner\">\n\t\t<div class=\"elementor-element elementor-element-82a3cd1 e-con-full aboutusTop e-flex e-con e-child\" data-id=\"82a3cd1\" data-element_type=\"container\" data-e-type=\"container\">\n\t\t<div class=\"elementor-element elementor-element-9af59e9 e-con-full e-flex e-con e-child\" data-id=\"9af59e9\" data-element_type=\"container\" data-e-type=\"container\" data-settings=\"{&quot;background_background&quot;:&quot;classic&quot;}\">\n\t\t\t\t<div class=\"elementor-element elementor-element-9b7f5a1 elementor-widget elementor-widget-image\" data-id=\"9b7f5a1\" data-element_type=\"widget\" data-e-type=\"widget\" data-widget_type=\"image.default\">\n\t\t\t\t\t\t\t\t\t\t\t\t\t\t\t<img fetchpriority=\"high\" decoding=\"async\" width=\"858\" height=\"338\" src=\"https:\/\/www.nwrollers.co.uk\/wp-content\/uploads\/2025\/09\/overview.jpg\" class=\"attachment-full size-full wp-image-9810\" alt=\"\" \/>\t\t\t\t\t\t\t\t\t\t\t\t\t\t\t<\/div>\n\t\t\t\t<\/div>\n\t\t<div class=\"elementor-element elementor-element-de3591a e-con-full e-flex e-con e-child\" data-id=\"de3591a\" data-element_type=\"container\" data-e-type=\"container\" data-settings=\"{&quot;background_background&quot;:&quot;classic&quot;}\">\n\t\t\t\t<div class=\"elementor-element elementor-element-855dd84 elementor-icon-list--layout-traditional elementor-list-item-link-full_width elementor-widget elementor-widget-icon-list\" data-id=\"855dd84\" data-element_type=\"widget\" data-e-type=\"widget\" data-widget_type=\"icon-list.default\">\n\t\t\t\t\t\t\t<ul class=\"elementor-icon-list-items\">\n\t\t\t\t\t\t\t<li class=\"elementor-icon-list-item\">\n\t\t\t\t\t\t\t\t\t\t\t<a href=\"https:\/\/www.nwrollers.co.uk\/ro\/about-us\/\">\n\n\t\t\t\t\t\t\t\t\t\t\t<span class=\"elementor-icon-list-text\">Despre noi<\/span>\n\t\t\t\t\t\t\t\t\t\t\t<\/a>\n\t\t\t\t\t\t\t\t\t<\/li>\n\t\t\t\t\t\t\t\t<li class=\"elementor-icon-list-item\">\n\t\t\t\t\t\t\t\t\t\t\t<a href=\"https:\/\/www.nwrollers.co.uk\/ro\/company-history\/\">\n\n\t\t\t\t\t\t\t\t\t\t\t<span class=\"elementor-icon-list-text\">Company History &amp; Milestones<\/span>\n\t\t\t\t\t\t\t\t\t\t\t<\/a>\n\t\t\t\t\t\t\t\t\t<\/li>\n\t\t\t\t\t\t\t\t<li class=\"elementor-icon-list-item\">\n\t\t\t\t\t\t\t\t\t\t\t<a href=\"https:\/\/www.nwrollers.co.uk\/ro\/meet-our-team\/\">\n\n\t\t\t\t\t\t\t\t\t\t\t<span class=\"elementor-icon-list-text\">Face\u021bi cuno\u0219tin\u021b\u0103 cu echipa noastr\u0103<\/span>\n\t\t\t\t\t\t\t\t\t\t\t<\/a>\n\t\t\t\t\t\t\t\t\t<\/li>\n\t\t\t\t\t\t\t\t<li class=\"elementor-icon-list-item\">\n\t\t\t\t\t\t\t\t\t\t\t<a href=\"https:\/\/www.nwrollers.co.uk\/ro\/careers-job-vacancies\/\">\n\n\t\t\t\t\t\t\t\t\t\t\t<span class=\"elementor-icon-list-text\">Cariere, locuri de munc\u0103 vacante<\/span>\n\t\t\t\t\t\t\t\t\t\t\t<\/a>\n\t\t\t\t\t\t\t\t\t<\/li>\n\t\t\t\t\t\t<\/ul>\n\t\t\t\t\t\t<\/div>\n\t\t<div class=\"elementor-element elementor-element-811f8c1 e-con-full e-flex e-con e-child\" data-id=\"811f8c1\" data-element_type=\"container\" data-e-type=\"container\" data-settings=\"{&quot;background_background&quot;:&quot;classic&quot;}\">\n\t\t\t\t<div class=\"elementor-element elementor-element-c0146fd elementor-widget elementor-widget-heading\" data-id=\"c0146fd\" data-element_type=\"widget\" data-e-type=\"widget\" data-widget_type=\"heading.default\">\n\t\t\t\t\t<h4 class=\"elementor-heading-title elementor-size-default\">How can we help you?<\/h4>\t\t\t\t<\/div>\n\t\t\t\t<div class=\"elementor-element elementor-element-1db2847 elementor-widget elementor-widget-heading\" data-id=\"1db2847\" data-element_type=\"widget\" data-e-type=\"widget\" data-widget_type=\"heading.default\">\n\t\t\t\t\t<h6 class=\"elementor-heading-title elementor-size-default\">Have a general enquiry or are not sure who to speak to?<\/h6>\t\t\t\t<\/div>\n\t\t\t\t<div class=\"elementor-element elementor-element-e90f420 elementor-widget elementor-widget-button\" data-id=\"e90f420\" data-element_type=\"widget\" data-e-type=\"widget\" data-widget_type=\"button.default\">\n\t\t\t\t\t\t\t\t\t\t<a class=\"elementor-button elementor-button-link elementor-size-sm\" href=\"#\">\n\t\t\t\t\t\t<span class=\"elementor-button-content-wrapper\">\n\t\t\t\t\t\t\t\t\t<span class=\"elementor-button-text\">Contacta\u0163i-ne<\/span>\n\t\t\t\t\t<\/span>\n\t\t\t\t\t<\/a>\n\t\t\t\t\t\t\t\t<\/div>\n\t\t\t\t<\/div>\n\t\t\t\t<\/div>\n\t\t\t\t<\/div>\n\t\t\t\t\t<\/div>\n\t\t\t\t<\/div>\n\t\t<div class=\"elementor-element elementor-element-3855f7b e-flex e-con-boxed e-con e-parent\" data-id=\"3855f7b\" data-element_type=\"container\" data-e-type=\"container\">\n\t\t\t\t\t<div class=\"e-con-inner\">\n\t\t<div class=\"elementor-element elementor-element-6fc8e0d e-con-full e-flex e-con e-child\" data-id=\"6fc8e0d\" data-element_type=\"container\" data-e-type=\"container\">\n\t\t\t\t<div class=\"elementor-element elementor-element-3ece427 elementor-widget elementor-widget-text-editor\" data-id=\"3ece427\" data-element_type=\"widget\" data-e-type=\"widget\" data-widget_type=\"text-editor.default\">\n\t\t\t\t\t\t\t\t\t<p>North West Roller Services Ltd a fost recunoscut\u0103 de mult timp ca furnizorul principal de role acoperite cu cauciuc, role ITR gravate cu laser \u0219i man\u0219oane pentru industria tipografic\u0103. De asemenea, am dezvoltat o rela\u021bie de lucru cu Strachan Henshaw, dezvoltatorul original al sistemului de man\u0219onuri conice aici, \u00een Marea Britanie. Dup\u0103 dispari\u021bia lui Strachan Henshaw, am devenit rapid principalul produc\u0103tor de man\u0219oane conice \u0219i paralele care deservesc pia\u021ba din Marea Britanie.<\/p><p>Fiind recunoscut ca principalul produc\u0103tor de m\u00e2neci aici \u00een Marea Britanie, numele nostru a devenit sinonim cu servicii de calitate \u0219i livrare eficient\u0103 a produselor noastre. Ne m\u00e2ndrim cu capacitatea noastr\u0103 de a satisface cerin\u021bele clien\u021bilor no\u0219tri \u0219i, f\u0103c\u00e2nd acest lucru, se reflect\u0103 \u00een capacitatea noastr\u0103 de a p\u0103stra loialitatea existent\u0103 \u0219i de a atrage noi clien\u021bi.<\/p><p>North West Roller Services Ltd este acum liderul pie\u021bei din Marea Britanie pentru man\u0219oane conice \u0219i paralele, produc\u00e2nd at\u00e2t man\u0219oane conice, c\u00e2t \u0219i paralele de peste 22 de ani aici, pe site-ul nostru din Cheshire. Numele nostru a devenit cuv\u00e2ntul de ordine atunci c\u00e2nd vine vorba de fabricarea de m\u00e2neci din Marea Britanie.<\/p><p>North West Roller Services Ltd este de mult\u0103 vreme furnizori de man\u0219oane din fibr\u0103 de sticl\u0103 care acoper\u0103 sectoarele de ambalare, laminare \u0219i industriale din Marea Britanie. Datorit\u0103 cuno\u0219tin\u021belor noastre despre produse \u0219i cuno\u0219tin\u021belor tehnice, avem experien\u021ba de a transforma ma\u0219inile de laminare\/imprimat cu role existente pentru a utiliza sistemul de man\u0219on, reduc\u00e2nd astfel costurile \u0219i diminu\u00e2nd timpul de oprire a produc\u021biei.<\/p><p>Utilizarea sistemelor de man\u0219oane reduce nevoia de l\u0103zi grele, echipamente de ridicare \u0219i sisteme de depozitare specializate. Manecile pot fi transportate foarte usor datorita constructiei lor usoare.<\/p><p>\u00cen prezent, ne dezvolt\u0103m pia\u021ba de export, oferind miezuri de man\u0219on din fibr\u0103 de sticl\u0103 pentru multe agen\u021bii de acoperire \u0219i importatoare de cauciuc din \u00eentreaga lume. Avantajul fiind c\u0103 firmele de acoperire din cauciuc c\u00e2\u0219tig\u0103 valoare ad\u0103ugat\u0103 prin acoperirea cu cauciuc a m\u00e2necilor \u00een sine, devenind astfel un furnizor local \u00een localitatea lor.<\/p>\t\t\t\t\t\t\t\t<\/div>\n\t\t\t\t<\/div>\n\t\t<div class=\"elementor-element elementor-element-f2ed681 e-con-full e-flex e-con e-child\" data-id=\"f2ed681\" data-element_type=\"container\" data-e-type=\"container\" data-settings=\"{&quot;background_background&quot;:&quot;classic&quot;}\">\n\t\t\t\t<div class=\"elementor-element elementor-element-5601548 elementor-widget elementor-widget-text-editor\" data-id=\"5601548\" data-element_type=\"widget\" data-e-type=\"widget\" data-widget_type=\"text-editor.default\">\n\t\t\t\t\t\t\t\t\t<p>Expansiunea noastr\u0103 s-a reflectat \u00eentr-un record opera\u021bional f\u0103r\u0103 precedent de peste treizeci de ani, men\u021bin\u00e2nd o cre\u0219tere constant\u0103 f\u0103r\u0103 a compromite stabilitatea \u0219i calitatea produsului.<\/p>\t\t\t\t\t\t\t\t<\/div>\n\t\t\t\t<\/div>\n\t\t\t\t\t<\/div>\n\t\t\t\t<\/div>\n\t\t<div class=\"elementor-element elementor-element-17021ad e-flex e-con-boxed e-con e-parent\" data-id=\"17021ad\" data-element_type=\"container\" data-e-type=\"container\">\n\t\t\t\t\t<div class=\"e-con-inner\">\n\t\t<div class=\"elementor-element elementor-element-d74e7fa e-con-full e-flex e-con e-child\" data-id=\"d74e7fa\" data-element_type=\"container\" data-e-type=\"container\" data-settings=\"{&quot;background_background&quot;:&quot;classic&quot;}\">\n\t\t\t\t<div class=\"elementor-element elementor-element-794e4d7 elementor-widget elementor-widget-heading\" data-id=\"794e4d7\" data-element_type=\"widget\" data-e-type=\"widget\" data-widget_type=\"heading.default\">\n\t\t\t\t\t<h2 class=\"elementor-heading-title elementor-size-default\">De ce s\u0103 alege\u021bi NWRS?<\/h2>\t\t\t\t<\/div>\n\t\t<div class=\"elementor-element elementor-element-9196ac7 e-con-full e-flex e-con e-child\" data-id=\"9196ac7\" data-element_type=\"container\" data-e-type=\"container\">\n\t\t<div class=\"elementor-element elementor-element-fd51902 e-con-full e-flex e-con e-child\" data-id=\"fd51902\" data-element_type=\"container\" data-e-type=\"container\">\n\t\t<div class=\"elementor-element elementor-element-1c92f6e e-con-full e-flex e-con e-child\" data-id=\"1c92f6e\" data-element_type=\"container\" data-e-type=\"container\">\n\t\t\t\t<div class=\"elementor-element elementor-element-f8a13a3 elementor-widget elementor-widget-image\" data-id=\"f8a13a3\" data-element_type=\"widget\" data-e-type=\"widget\" data-widget_type=\"image.default\">\n\t\t\t\t\t\t\t\t\t\t\t\t\t\t\t<img decoding=\"async\" width=\"71\" height=\"79\" src=\"https:\/\/www.nwrollers.co.uk\/wp-content\/uploads\/2025\/09\/Impeccable-Quality.png\" class=\"attachment-large size-large wp-image-9728\" alt=\"\" \/>\t\t\t\t\t\t\t\t\t\t\t\t\t\t\t<\/div>\n\t\t\t\t<\/div>\n\t\t\t\t<div class=\"elementor-element elementor-element-f50ab42 elementor-widget elementor-widget-heading\" data-id=\"f50ab42\" data-element_type=\"widget\" data-e-type=\"widget\" data-widget_type=\"heading.default\">\n\t\t\t\t\t<h2 class=\"elementor-heading-title elementor-size-default\">Calitate impecabila<\/h2>\t\t\t\t<\/div>\n\t\t\t\t<div class=\"elementor-element elementor-element-519b06b elementor-widget elementor-widget-text-editor\" data-id=\"519b06b\" data-element_type=\"widget\" data-e-type=\"widget\" data-widget_type=\"text-editor.default\">\n\t\t\t\t\t\t\t\t\t<p>Numele nostru a devenit sinonim cu calitatea produselor \u0219i serviciul pentru clien\u021bi, livrat pentru a se potrivi nevoilor clien\u021bilor la timp \u0219i este baza companiei noastre de succes.<\/p>\t\t\t\t\t\t\t\t<\/div>\n\t\t\t\t<\/div>\n\t\t<div class=\"elementor-element elementor-element-373df52 e-con-full e-flex e-con e-child\" data-id=\"373df52\" data-element_type=\"container\" data-e-type=\"container\">\n\t\t<div class=\"elementor-element elementor-element-b61b15a e-con-full e-flex e-con e-child\" data-id=\"b61b15a\" data-element_type=\"container\" data-e-type=\"container\">\n\t\t\t\t<div class=\"elementor-element elementor-element-99788c3 elementor-widget elementor-widget-image\" data-id=\"99788c3\" data-element_type=\"widget\" data-e-type=\"widget\" data-widget_type=\"image.default\">\n\t\t\t\t\t\t\t\t\t\t\t\t\t\t\t<img decoding=\"async\" width=\"74\" height=\"74\" src=\"https:\/\/www.nwrollers.co.uk\/wp-content\/uploads\/2025\/09\/World-Class-Service.png\" class=\"attachment-large size-large wp-image-9730\" alt=\"\" \/>\t\t\t\t\t\t\t\t\t\t\t\t\t\t\t<\/div>\n\t\t\t\t<\/div>\n\t\t\t\t<div class=\"elementor-element elementor-element-90cf277 elementor-widget elementor-widget-heading\" data-id=\"90cf277\" data-element_type=\"widget\" data-e-type=\"widget\" data-widget_type=\"heading.default\">\n\t\t\t\t\t<h2 class=\"elementor-heading-title elementor-size-default\">Servicii de clas\u0103 mondial\u0103<\/h2>\t\t\t\t<\/div>\n\t\t\t\t<div class=\"elementor-element elementor-element-1ec6a22 elementor-widget elementor-widget-text-editor\" data-id=\"1ec6a22\" data-element_type=\"widget\" data-e-type=\"widget\" data-widget_type=\"text-editor.default\">\n\t\t\t\t\t\t\t\t\t<p>Ne m\u00e2ndrim cu capacitatea noastr\u0103 de a satisface cererea clien\u021bilor. Abilit\u0103\u021bile noastre sunt recunoscute la nivel global, cu multe conturi de lung\u0103 durat\u0103 \u00een Marea Britanie, Europa, SUA \u0219i Orientul \u00cendep\u0103rtat.<\/p>\t\t\t\t\t\t\t\t<\/div>\n\t\t\t\t<\/div>\n\t\t<div class=\"elementor-element elementor-element-ab19664 e-con-full e-flex e-con e-child\" data-id=\"ab19664\" data-element_type=\"container\" data-e-type=\"container\">\n\t\t<div class=\"elementor-element elementor-element-7bc7339 e-con-full e-flex e-con e-child\" data-id=\"7bc7339\" data-element_type=\"container\" data-e-type=\"container\">\n\t\t\t\t<div class=\"elementor-element elementor-element-579bfb0 elementor-widget elementor-widget-image\" data-id=\"579bfb0\" data-element_type=\"widget\" data-e-type=\"widget\" data-widget_type=\"image.default\">\n\t\t\t\t\t\t\t\t\t\t\t\t\t\t\t<img loading=\"lazy\" decoding=\"async\" width=\"83\" height=\"61\" src=\"https:\/\/www.nwrollers.co.uk\/wp-content\/uploads\/2025\/09\/Speed-Delivery.png\" class=\"attachment-large size-large wp-image-9729\" alt=\"\" \/>\t\t\t\t\t\t\t\t\t\t\t\t\t\t\t<\/div>\n\t\t\t\t<\/div>\n\t\t\t\t<div class=\"elementor-element elementor-element-2405a01 elementor-widget elementor-widget-heading\" data-id=\"2405a01\" data-element_type=\"widget\" data-e-type=\"widget\" data-widget_type=\"heading.default\">\n\t\t\t\t\t<h2 class=\"elementor-heading-title elementor-size-default\">Vitez\u0103 \u0219i livrare<\/h2>\t\t\t\t<\/div>\n\t\t\t\t<div class=\"elementor-element elementor-element-17c5d8c elementor-widget elementor-widget-text-editor\" data-id=\"17c5d8c\" data-element_type=\"widget\" data-e-type=\"widget\" data-widget_type=\"text-editor.default\">\n\t\t\t\t\t\t\t\t\t<p>Industria tipografic\u0103 cere o schimbare rapid\u0103. NWRS fabric\u0103 un man\u0219on \u0219i un capac din cauciuc \u00een 48 de ore, esen\u021bial pentru a limita timpul de nefunc\u021bionare \u0219i pentru a accelera produc\u021bia de imprimare.<\/p>\t\t\t\t\t\t\t\t<\/div>\n\t\t\t\t<\/div>\n\t\t\t\t<\/div>\n\t\t\t\t<\/div>\n\t\t\t\t\t<\/div>\n\t\t\t\t<\/div>\n\t\t\t\t<\/div>","protected":false},"excerpt":{"rendered":"<p>Company Overview About Us Company History &amp; Milestones Meet Our Team Careers, Job Vacancies How can we help you? Have a general enquiry or are not sure who to speak to? Contact Us North West Roller Services Ltd has been long recognised as the premier supplier of rubber-covered rollers, Laser engraved ITR rollers and sleeves [&hellip;]<\/p>\n","protected":false},"author":1,"featured_media":7905,"parent":0,"menu_order":0,"comment_status":"closed","ping_status":"closed","template":"","meta":{"footnotes":""},"class_list":["post-7185","page","type-page","status-publish","has-post-thumbnail","hentry"],"yoast_head":"<!-- This site is optimized with the Yoast SEO plugin v27.5 - https:\/\/yoast.com\/product\/yoast-seo-wordpress\/ -->\n<title>North West Roller Services Limited, UK | About Us<\/title>\n<meta name=\"description\" content=\"NWRS Ltd have long been suppliers of Fibreglass sleeves covering the Packaging, Lamination, and Industrial sectors in the UK.\" \/>\n<meta name=\"robots\" content=\"index, follow, max-snippet:-1, max-image-preview:large, max-video-preview:-1\" \/>\n<link rel=\"canonical\" href=\"https:\/\/www.nwrollers.co.uk\/ro\/about-us\/\" \/>\n<meta property=\"og:locale\" content=\"ro_RO\" \/>\n<meta property=\"og:type\" content=\"article\" \/>\n<meta property=\"og:title\" content=\"North West Roller Services Limited, UK | About Us\" \/>\n<meta property=\"og:description\" content=\"NWRS Ltd have long been suppliers of Fibreglass sleeves covering the Packaging, Lamination, and Industrial sectors in the UK.\" \/>\n<meta property=\"og:url\" content=\"https:\/\/www.nwrollers.co.uk\/ro\/about-us\/\" \/>\n<meta property=\"og:site_name\" content=\"North West Rollers\" \/>\n<meta property=\"article:modified_time\" content=\"2025-11-28T11:55:53+00:00\" \/>\n<meta property=\"og:image\" content=\"https:\/\/www.nwrollers.co.uk\/wp-content\/uploads\/2021\/09\/About-Us-NWRS-Head-Office.jpg\" \/>\n\t<meta property=\"og:image:width\" content=\"1110\" \/>\n\t<meta property=\"og:image:height\" content=\"814\" \/>\n\t<meta property=\"og:image:type\" content=\"image\/jpeg\" \/>\n<meta name=\"twitter:card\" content=\"summary_large_image\" \/>\n<meta name=\"twitter:label1\" content=\"Timp estimat pentru citire\" \/>\n\t<meta name=\"twitter:data1\" content=\"2 minute\" \/>\n<script type=\"application\/ld+json\" class=\"yoast-schema-graph\">{\"@context\":\"https:\\\/\\\/schema.org\",\"@graph\":[{\"@type\":\"WebPage\",\"@id\":\"https:\\\/\\\/www.nwrollers.co.uk\\\/about-us\\\/\",\"url\":\"https:\\\/\\\/www.nwrollers.co.uk\\\/about-us\\\/\",\"name\":\"North West Roller Services Limited, UK | About Us\",\"isPartOf\":{\"@id\":\"https:\\\/\\\/www.nwrollers.co.uk\\\/#website\"},\"primaryImageOfPage\":{\"@id\":\"https:\\\/\\\/www.nwrollers.co.uk\\\/about-us\\\/#primaryimage\"},\"image\":{\"@id\":\"https:\\\/\\\/www.nwrollers.co.uk\\\/about-us\\\/#primaryimage\"},\"thumbnailUrl\":\"https:\\\/\\\/www.nwrollers.co.uk\\\/wp-content\\\/uploads\\\/2021\\\/09\\\/About-Us-NWRS-Head-Office.jpg\",\"datePublished\":\"2021-07-08T10:38:24+00:00\",\"dateModified\":\"2025-11-28T11:55:53+00:00\",\"description\":\"NWRS Ltd have long been suppliers of Fibreglass sleeves covering the Packaging, Lamination, and Industrial sectors in the UK.\",\"breadcrumb\":{\"@id\":\"https:\\\/\\\/www.nwrollers.co.uk\\\/about-us\\\/#breadcrumb\"},\"inLanguage\":\"ro-RO\",\"potentialAction\":[{\"@type\":\"ReadAction\",\"target\":[\"https:\\\/\\\/www.nwrollers.co.uk\\\/about-us\\\/\"]}]},{\"@type\":\"ImageObject\",\"inLanguage\":\"ro-RO\",\"@id\":\"https:\\\/\\\/www.nwrollers.co.uk\\\/about-us\\\/#primaryimage\",\"url\":\"https:\\\/\\\/www.nwrollers.co.uk\\\/wp-content\\\/uploads\\\/2021\\\/09\\\/About-Us-NWRS-Head-Office.jpg\",\"contentUrl\":\"https:\\\/\\\/www.nwrollers.co.uk\\\/wp-content\\\/uploads\\\/2021\\\/09\\\/About-Us-NWRS-Head-Office.jpg\",\"width\":1110,\"height\":814},{\"@type\":\"BreadcrumbList\",\"@id\":\"https:\\\/\\\/www.nwrollers.co.uk\\\/about-us\\\/#breadcrumb\",\"itemListElement\":[{\"@type\":\"ListItem\",\"position\":1,\"name\":\"Home\",\"item\":\"https:\\\/\\\/www.nwrollers.co.uk\\\/\"},{\"@type\":\"ListItem\",\"position\":2,\"name\":\"About Us\"}]},{\"@type\":\"WebSite\",\"@id\":\"https:\\\/\\\/www.nwrollers.co.uk\\\/#website\",\"url\":\"https:\\\/\\\/www.nwrollers.co.uk\\\/\",\"name\":\"North West Roller Services Ltd\",\"description\":\"Northwest Roller Services Limited supply and service on a global basis the Flexographic and Gravure printing and Lamination Industries\",\"publisher\":{\"@id\":\"https:\\\/\\\/www.nwrollers.co.uk\\\/#organization\"},\"potentialAction\":[{\"@type\":\"SearchAction\",\"target\":{\"@type\":\"EntryPoint\",\"urlTemplate\":\"https:\\\/\\\/www.nwrollers.co.uk\\\/?s={search_term_string}\"},\"query-input\":{\"@type\":\"PropertyValueSpecification\",\"valueRequired\":true,\"valueName\":\"search_term_string\"}}],\"inLanguage\":\"ro-RO\"},{\"@type\":\"Organization\",\"@id\":\"https:\\\/\\\/www.nwrollers.co.uk\\\/#organization\",\"name\":\"North West Roller Services Ltd\",\"url\":\"https:\\\/\\\/www.nwrollers.co.uk\\\/\",\"logo\":{\"@type\":\"ImageObject\",\"inLanguage\":\"ro-RO\",\"@id\":\"https:\\\/\\\/www.nwrollers.co.uk\\\/#\\\/schema\\\/logo\\\/image\\\/\",\"url\":\"https:\\\/\\\/www.nwrollers.co.uk\\\/wp-content\\\/uploads\\\/2019\\\/09\\\/nwrs-logo.svg\",\"contentUrl\":\"https:\\\/\\\/www.nwrollers.co.uk\\\/wp-content\\\/uploads\\\/2019\\\/09\\\/nwrs-logo.svg\",\"width\":1,\"height\":1,\"caption\":\"North West Roller Services Ltd\"},\"image\":{\"@id\":\"https:\\\/\\\/www.nwrollers.co.uk\\\/#\\\/schema\\\/logo\\\/image\\\/\"},\"sameAs\":[\"https:\\\/\\\/www.linkedin.com\\\/company\\\/north-west-roller-services-limited\"]}]}<\/script>\n<!-- \/ Yoast SEO plugin. -->","yoast_head_json":{"title":"North West Roller Services Limited, UK | About Us","description":"NWRS Ltd have long been suppliers of Fibreglass sleeves covering the Packaging, Lamination, and Industrial sectors in the UK.","robots":{"index":"index","follow":"follow","max-snippet":"max-snippet:-1","max-image-preview":"max-image-preview:large","max-video-preview":"max-video-preview:-1"},"canonical":"https:\/\/www.nwrollers.co.uk\/ro\/about-us\/","og_locale":"ro_RO","og_type":"article","og_title":"North West Roller Services Limited, UK | About Us","og_description":"NWRS Ltd have long been suppliers of Fibreglass sleeves covering the Packaging, Lamination, and Industrial sectors in the UK.","og_url":"https:\/\/www.nwrollers.co.uk\/ro\/about-us\/","og_site_name":"North West Rollers","article_modified_time":"2025-11-28T11:55:53+00:00","og_image":[{"width":1110,"height":814,"url":"https:\/\/www.nwrollers.co.uk\/wp-content\/uploads\/2021\/09\/About-Us-NWRS-Head-Office.jpg","type":"image\/jpeg"}],"twitter_card":"summary_large_image","twitter_misc":{"Timp estimat pentru citire":"2 minute"},"schema":{"@context":"https:\/\/schema.org","@graph":[{"@type":"WebPage","@id":"https:\/\/www.nwrollers.co.uk\/about-us\/","url":"https:\/\/www.nwrollers.co.uk\/about-us\/","name":"North West Roller Services Limited, UK | About Us","isPartOf":{"@id":"https:\/\/www.nwrollers.co.uk\/#website"},"primaryImageOfPage":{"@id":"https:\/\/www.nwrollers.co.uk\/about-us\/#primaryimage"},"image":{"@id":"https:\/\/www.nwrollers.co.uk\/about-us\/#primaryimage"},"thumbnailUrl":"https:\/\/www.nwrollers.co.uk\/wp-content\/uploads\/2021\/09\/About-Us-NWRS-Head-Office.jpg","datePublished":"2021-07-08T10:38:24+00:00","dateModified":"2025-11-28T11:55:53+00:00","description":"NWRS Ltd have long been suppliers of Fibreglass sleeves covering the Packaging, Lamination, and Industrial sectors in the UK.","breadcrumb":{"@id":"https:\/\/www.nwrollers.co.uk\/about-us\/#breadcrumb"},"inLanguage":"ro-RO","potentialAction":[{"@type":"ReadAction","target":["https:\/\/www.nwrollers.co.uk\/about-us\/"]}]},{"@type":"ImageObject","inLanguage":"ro-RO","@id":"https:\/\/www.nwrollers.co.uk\/about-us\/#primaryimage","url":"https:\/\/www.nwrollers.co.uk\/wp-content\/uploads\/2021\/09\/About-Us-NWRS-Head-Office.jpg","contentUrl":"https:\/\/www.nwrollers.co.uk\/wp-content\/uploads\/2021\/09\/About-Us-NWRS-Head-Office.jpg","width":1110,"height":814},{"@type":"BreadcrumbList","@id":"https:\/\/www.nwrollers.co.uk\/about-us\/#breadcrumb","itemListElement":[{"@type":"ListItem","position":1,"name":"Home","item":"https:\/\/www.nwrollers.co.uk\/"},{"@type":"ListItem","position":2,"name":"About Us"}]},{"@type":"WebSite","@id":"https:\/\/www.nwrollers.co.uk\/#website","url":"https:\/\/www.nwrollers.co.uk\/","name":"North West Roller Services Ltd","description":"Furnizare \u0219i service la nivel global Northwest Roller Services Limited pentru industriile de imprimare \u0219i laminare flexografice \u0219i gravur\u0103","publisher":{"@id":"https:\/\/www.nwrollers.co.uk\/#organization"},"potentialAction":[{"@type":"SearchAction","target":{"@type":"EntryPoint","urlTemplate":"https:\/\/www.nwrollers.co.uk\/?s={search_term_string}"},"query-input":{"@type":"PropertyValueSpecification","valueRequired":true,"valueName":"search_term_string"}}],"inLanguage":"ro-RO"},{"@type":"Organization","@id":"https:\/\/www.nwrollers.co.uk\/#organization","name":"North West Roller Services Ltd","url":"https:\/\/www.nwrollers.co.uk\/","logo":{"@type":"ImageObject","inLanguage":"ro-RO","@id":"https:\/\/www.nwrollers.co.uk\/#\/schema\/logo\/image\/","url":"https:\/\/www.nwrollers.co.uk\/wp-content\/uploads\/2019\/09\/nwrs-logo.svg","contentUrl":"https:\/\/www.nwrollers.co.uk\/wp-content\/uploads\/2019\/09\/nwrs-logo.svg","width":1,"height":1,"caption":"North West Roller Services Ltd"},"image":{"@id":"https:\/\/www.nwrollers.co.uk\/#\/schema\/logo\/image\/"},"sameAs":["https:\/\/www.linkedin.com\/company\/north-west-roller-services-limited"]}]}},"_links":{"self":[{"href":"https:\/\/www.nwrollers.co.uk\/ro\/wp-json\/wp\/v2\/pages\/7185","targetHints":{"allow":["GET"]}}],"collection":[{"href":"https:\/\/www.nwrollers.co.uk\/ro\/wp-json\/wp\/v2\/pages"}],"about":[{"href":"https:\/\/www.nwrollers.co.uk\/ro\/wp-json\/wp\/v2\/types\/page"}],"author":[{"embeddable":true,"href":"https:\/\/www.nwrollers.co.uk\/ro\/wp-json\/wp\/v2\/users\/1"}],"replies":[{"embeddable":true,"href":"https:\/\/www.nwrollers.co.uk\/ro\/wp-json\/wp\/v2\/comments?post=7185"}],"version-history":[{"count":0,"href":"https:\/\/www.nwrollers.co.uk\/ro\/wp-json\/wp\/v2\/pages\/7185\/revisions"}],"wp:featuredmedia":[{"embeddable":true,"href":"https:\/\/www.nwrollers.co.uk\/ro\/wp-json\/wp\/v2\/media\/7905"}],"wp:attachment":[{"href":"https:\/\/www.nwrollers.co.uk\/ro\/wp-json\/wp\/v2\/media?parent=7185"}],"curies":[{"name":"wp","href":"https:\/\/api.w.org\/{rel}","templated":true}]}}