{"id":7187,"date":"2021-07-08T11:38:50","date_gmt":"2021-07-08T10:38:50","guid":{"rendered":"https:\/\/www.nwrollers.co.uk\/?page_id=7187"},"modified":"2025-09-26T04:21:32","modified_gmt":"2025-09-26T03:21:32","slug":"distribution","status":"publish","type":"page","link":"https:\/\/www.nwrollers.co.uk\/pt\/distribution\/","title":{"rendered":"Distribui\u00e7\u00e3o"},"content":{"rendered":"<div data-elementor-type=\"wp-page\" data-elementor-id=\"7187\" class=\"elementor elementor-7187\">\n\t\t\t\t<div class=\"elementor-element elementor-element-b9f6db0 e-flex e-con-boxed e-con e-parent\" data-id=\"b9f6db0\" data-element_type=\"container\" data-e-type=\"container\" data-settings=\"{&quot;background_background&quot;:&quot;classic&quot;}\">\n\t\t\t\t\t<div class=\"e-con-inner\">\n\t\t\t\t<div class=\"elementor-element elementor-element-5984c0b elementor-widget elementor-widget-heading\" data-id=\"5984c0b\" data-element_type=\"widget\" data-e-type=\"widget\" data-widget_type=\"heading.default\">\n\t\t\t\t\t<h2 class=\"elementor-heading-title elementor-size-default\">Distribui\u00e7\u00e3o<\/h2>\t\t\t\t<\/div>\n\t\t\t\t\t<\/div>\n\t\t\t\t<\/div>\n\t\t<div class=\"elementor-element elementor-element-1a9c39a e-flex e-con-boxed e-con e-parent\" data-id=\"1a9c39a\" data-element_type=\"container\" data-e-type=\"container\">\n\t\t\t\t\t<div class=\"e-con-inner\">\n\t\t<div class=\"elementor-element elementor-element-405a7c0 e-con-full e-flex e-con e-child\" data-id=\"405a7c0\" data-element_type=\"container\" data-e-type=\"container\" data-settings=\"{&quot;background_background&quot;:&quot;classic&quot;}\">\n\t\t<div class=\"elementor-element elementor-element-abd59de e-con-full e-flex e-con e-child\" data-id=\"abd59de\" data-element_type=\"container\" data-e-type=\"container\" data-settings=\"{&quot;background_background&quot;:&quot;classic&quot;}\">\n\t\t\t\t<div class=\"elementor-element elementor-element-376e8fb elementor-widget elementor-widget-image\" data-id=\"376e8fb\" data-element_type=\"widget\" data-e-type=\"widget\" data-widget_type=\"image.default\">\n\t\t\t\t\t\t\t\t\t\t\t\t\t\t\t<img fetchpriority=\"high\" decoding=\"async\" width=\"1600\" height=\"450\" src=\"https:\/\/www.nwrollers.co.uk\/wp-content\/uploads\/2024\/03\/New-NWRS-Trucks-3.jpg\" class=\"attachment-full size-full wp-image-9415\" alt=\"\" \/>\t\t\t\t\t\t\t\t\t\t\t\t\t\t\t<\/div>\n\t\t\t\t<\/div>\n\t\t\t\t<\/div>\n\t\t\t\t\t<\/div>\n\t\t\t\t<\/div>\n\t\t<div class=\"elementor-element elementor-element-963f092 e-flex e-con-boxed e-con e-parent\" data-id=\"963f092\" data-element_type=\"container\" data-e-type=\"container\">\n\t\t\t\t\t<div class=\"e-con-inner\">\n\t\t\t\t<div class=\"elementor-element elementor-element-afc5f03 elementor-widget elementor-widget-heading\" data-id=\"afc5f03\" data-element_type=\"widget\" data-e-type=\"widget\" data-widget_type=\"heading.default\">\n\t\t\t\t\t<h2 class=\"elementor-heading-title elementor-size-default\">Nosso setor exige um retorno r\u00e1pido para atender \u00e0 satisfa\u00e7\u00e3o do cliente.<\/h2>\t\t\t\t<\/div>\n\t\t\t\t<div class=\"elementor-element elementor-element-3a740e0 elementor-widget elementor-widget-text-editor\" data-id=\"3a740e0\" data-element_type=\"widget\" data-e-type=\"widget\" data-widget_type=\"text-editor.default\">\n\t\t\t\t\t\t\t\t\t<p>Para atender a essa demanda, a North West Roller Services Ltd se orgulha de seu servi\u00e7o de distribui\u00e7\u00e3o global.<\/p><p>Trabalhando com prazos apertados, somos capazes de atender \u00e0s necessidades dos clientes atrav\u00e9s de frete a\u00e9reo e mar\u00edtimo em todo o mundo, com transporte noturno para o Reino Unido e Irlanda. Tamb\u00e9m podemos entregar e recolher utilizando a nossa pr\u00f3pria frota de transporte, que compreende uma carga de 1 tonelada e uma capacidade de carga de 3,5 toneladas.<\/p><p>Desde o pedido at\u00e9 a entrega do produto, podemos fornecer um servi\u00e7o de entrega incompar\u00e1vel para atender a todas as suas necessidades.<\/p>\t\t\t\t\t\t\t\t<\/div>\n\t\t\t\t<div class=\"elementor-element elementor-element-9a147c0 elementor-widget elementor-widget-button\" data-id=\"9a147c0\" data-element_type=\"widget\" data-e-type=\"widget\" data-widget_type=\"button.default\">\n\t\t\t\t\t\t\t\t\t\t<a class=\"elementor-button elementor-button-link elementor-size-sm\" href=\"https:\/\/www.nwrollers.co.uk\/pt\/contact-us\/\">\n\t\t\t\t\t\t<span class=\"elementor-button-content-wrapper\">\n\t\t\t\t\t\t\t\t\t<span class=\"elementor-button-text\"> Se voc\u00ea tiver d\u00favidas sobre a distribui\u00e7\u00e3o, por favor, CONTACTE-NOS<\/span>\n\t\t\t\t\t<\/span>\n\t\t\t\t\t<\/a>\n\t\t\t\t\t\t\t\t<\/div>\n\t\t\t\t\t<\/div>\n\t\t\t\t<\/div>\n\t\t<div class=\"elementor-element elementor-element-069721e e-flex e-con-boxed e-con e-parent\" data-id=\"069721e\" data-element_type=\"container\" data-e-type=\"container\" data-settings=\"{&quot;background_background&quot;:&quot;classic&quot;}\">\n\t\t\t\t\t<div class=\"e-con-inner\">\n\t\t<div class=\"elementor-element elementor-element-bb3c385 e-con-full e-flex e-con e-child\" data-id=\"bb3c385\" data-element_type=\"container\" data-e-type=\"container\">\n\t\t<div class=\"elementor-element elementor-element-5547cbd e-con-full e-flex e-con e-child\" data-id=\"5547cbd\" data-element_type=\"container\" data-e-type=\"container\">\n\t\t<div class=\"elementor-element elementor-element-f8d8b39 e-con-full e-flex e-con e-child\" data-id=\"f8d8b39\" data-element_type=\"container\" data-e-type=\"container\">\n\t\t<div class=\"elementor-element elementor-element-28bdd26 e-con-full e-flex e-con e-child\" data-id=\"28bdd26\" data-element_type=\"container\" data-e-type=\"container\" data-settings=\"{&quot;background_background&quot;:&quot;classic&quot;}\">\n\t\t\t\t<div class=\"elementor-element elementor-element-a9a988e elementor-widget elementor-widget-text-editor\" data-id=\"a9a988e\" data-element_type=\"widget\" data-e-type=\"widget\" data-widget_type=\"text-editor.default\">\n\t\t\t\t\t\t\t\t\t<p>&#8220;We have worked with NWRS Ltd for several years and found the quality service and communication to be excellent. Recent creasing problems have been resolved with one of their tailor-made spreader rollers which removed all the earlier issues, well done to all at NWRS Ltd.&#8221;<\/p>\t\t\t\t\t\t\t\t<\/div>\n\t\t\t\t<div class=\"elementor-element elementor-element-0c073b8 elementor-widget elementor-widget-heading\" data-id=\"0c073b8\" data-element_type=\"widget\" data-e-type=\"widget\" data-widget_type=\"heading.default\">\n\t\t\t\t\t<h2 class=\"elementor-heading-title elementor-size-default\">John Critchlow<\/h2>\t\t\t\t<\/div>\n\t\t\t\t<div class=\"elementor-element elementor-element-4000b9e elementor-widget elementor-widget-heading\" data-id=\"4000b9e\" data-element_type=\"widget\" data-e-type=\"widget\" data-widget_type=\"heading.default\">\n\t\t\t\t\t<div class=\"elementor-heading-title elementor-size-default\">Gerente de Manuten\u00e7\u00e3o, Spandex Ltd<\/div>\t\t\t\t<\/div>\n\t\t\t\t<\/div>\n\t\t\t\t<\/div>\n\t\t\t\t<\/div>\n\t\t\t\t<\/div>\n\t\t\t\t\t<\/div>\n\t\t\t\t<\/div>\n\t\t\t\t<\/div>","protected":false},"excerpt":{"rendered":"<p>Distribution Our industry demands a fast turnaround to meet customer satisfaction. To supply this demand, North West Roller Services Ltd prides itself on its global distribution service. Working to tight deadlines, we are able to supply customer requirements via air and sea freight worldwide, with overnight shipping to the UK and Ireland. We are also [&hellip;]<\/p>\n","protected":false},"author":1,"featured_media":7593,"parent":0,"menu_order":0,"comment_status":"closed","ping_status":"closed","template":"","meta":{"footnotes":""},"class_list":["post-7187","page","type-page","status-publish","has-post-thumbnail","hentry"],"yoast_head":"<!-- This site is optimized with the Yoast SEO plugin v27.5 - https:\/\/yoast.com\/product\/yoast-seo-wordpress\/ -->\n<title>Distribution - North West Roller Services Limited, UK<\/title>\n<meta name=\"description\" content=\"North West Rollers Ltd prides itself on its global distribution service | We supply customer requirements via air and sea freight worldwide, with overnight shipping to the UK and Ireland\" \/>\n<meta name=\"robots\" content=\"index, follow, max-snippet:-1, max-image-preview:large, max-video-preview:-1\" \/>\n<link rel=\"canonical\" href=\"https:\/\/www.nwrollers.co.uk\/pt\/distribution\/\" \/>\n<meta property=\"og:locale\" content=\"pt_PT\" \/>\n<meta property=\"og:type\" content=\"article\" \/>\n<meta property=\"og:title\" content=\"Distribution - North West Roller Services Limited, UK\" \/>\n<meta property=\"og:description\" content=\"North West Rollers Ltd prides itself on its global distribution service | We supply customer requirements via air and sea freight worldwide, with overnight shipping to the UK and Ireland\" \/>\n<meta property=\"og:url\" content=\"https:\/\/www.nwrollers.co.uk\/pt\/distribution\/\" \/>\n<meta property=\"og:site_name\" content=\"North West Rollers\" \/>\n<meta property=\"article:modified_time\" content=\"2025-09-26T03:21:32+00:00\" \/>\n<meta property=\"og:image\" content=\"https:\/\/www.nwrollers.co.uk\/wp-content\/uploads\/2021\/08\/North-West-Roller-Services-Ltd-Distribution-UK.jpg\" \/>\n\t<meta property=\"og:image:width\" content=\"500\" \/>\n\t<meta property=\"og:image:height\" content=\"500\" \/>\n\t<meta property=\"og:image:type\" content=\"image\/jpeg\" \/>\n<meta name=\"twitter:card\" content=\"summary_large_image\" \/>\n<meta name=\"twitter:label1\" content=\"Tempo estimado de leitura\" \/>\n\t<meta name=\"twitter:data1\" content=\"1 minuto\" \/>\n<script type=\"application\/ld+json\" class=\"yoast-schema-graph\">{\"@context\":\"https:\\\/\\\/schema.org\",\"@graph\":[{\"@type\":\"WebPage\",\"@id\":\"https:\\\/\\\/www.nwrollers.co.uk\\\/distribution\\\/\",\"url\":\"https:\\\/\\\/www.nwrollers.co.uk\\\/distribution\\\/\",\"name\":\"Distribution - North West Roller Services Limited, UK\",\"isPartOf\":{\"@id\":\"https:\\\/\\\/www.nwrollers.co.uk\\\/#website\"},\"primaryImageOfPage\":{\"@id\":\"https:\\\/\\\/www.nwrollers.co.uk\\\/distribution\\\/#primaryimage\"},\"image\":{\"@id\":\"https:\\\/\\\/www.nwrollers.co.uk\\\/distribution\\\/#primaryimage\"},\"thumbnailUrl\":\"https:\\\/\\\/www.nwrollers.co.uk\\\/wp-content\\\/uploads\\\/2021\\\/08\\\/North-West-Roller-Services-Ltd-Distribution-UK.jpg\",\"datePublished\":\"2021-07-08T10:38:50+00:00\",\"dateModified\":\"2025-09-26T03:21:32+00:00\",\"description\":\"North West Rollers Ltd prides itself on its global distribution service | We supply customer requirements via air and sea freight worldwide, with overnight shipping to the UK and Ireland\",\"breadcrumb\":{\"@id\":\"https:\\\/\\\/www.nwrollers.co.uk\\\/distribution\\\/#breadcrumb\"},\"inLanguage\":\"pt-PT\",\"potentialAction\":[{\"@type\":\"ReadAction\",\"target\":[\"https:\\\/\\\/www.nwrollers.co.uk\\\/distribution\\\/\"]}]},{\"@type\":\"ImageObject\",\"inLanguage\":\"pt-PT\",\"@id\":\"https:\\\/\\\/www.nwrollers.co.uk\\\/distribution\\\/#primaryimage\",\"url\":\"https:\\\/\\\/www.nwrollers.co.uk\\\/wp-content\\\/uploads\\\/2021\\\/08\\\/North-West-Roller-Services-Ltd-Distribution-UK.jpg\",\"contentUrl\":\"https:\\\/\\\/www.nwrollers.co.uk\\\/wp-content\\\/uploads\\\/2021\\\/08\\\/North-West-Roller-Services-Ltd-Distribution-UK.jpg\",\"width\":500,\"height\":500},{\"@type\":\"BreadcrumbList\",\"@id\":\"https:\\\/\\\/www.nwrollers.co.uk\\\/distribution\\\/#breadcrumb\",\"itemListElement\":[{\"@type\":\"ListItem\",\"position\":1,\"name\":\"Home\",\"item\":\"https:\\\/\\\/www.nwrollers.co.uk\\\/\"},{\"@type\":\"ListItem\",\"position\":2,\"name\":\"Distribution\"}]},{\"@type\":\"WebSite\",\"@id\":\"https:\\\/\\\/www.nwrollers.co.uk\\\/#website\",\"url\":\"https:\\\/\\\/www.nwrollers.co.uk\\\/\",\"name\":\"North West Roller Services Ltd\",\"description\":\"Northwest Roller Services Limited supply and service on a global basis the Flexographic and Gravure printing and Lamination Industries\",\"publisher\":{\"@id\":\"https:\\\/\\\/www.nwrollers.co.uk\\\/#organization\"},\"potentialAction\":[{\"@type\":\"SearchAction\",\"target\":{\"@type\":\"EntryPoint\",\"urlTemplate\":\"https:\\\/\\\/www.nwrollers.co.uk\\\/?s={search_term_string}\"},\"query-input\":{\"@type\":\"PropertyValueSpecification\",\"valueRequired\":true,\"valueName\":\"search_term_string\"}}],\"inLanguage\":\"pt-PT\"},{\"@type\":\"Organization\",\"@id\":\"https:\\\/\\\/www.nwrollers.co.uk\\\/#organization\",\"name\":\"North West Roller Services Ltd\",\"url\":\"https:\\\/\\\/www.nwrollers.co.uk\\\/\",\"logo\":{\"@type\":\"ImageObject\",\"inLanguage\":\"pt-PT\",\"@id\":\"https:\\\/\\\/www.nwrollers.co.uk\\\/#\\\/schema\\\/logo\\\/image\\\/\",\"url\":\"https:\\\/\\\/www.nwrollers.co.uk\\\/wp-content\\\/uploads\\\/2019\\\/09\\\/nwrs-logo.svg\",\"contentUrl\":\"https:\\\/\\\/www.nwrollers.co.uk\\\/wp-content\\\/uploads\\\/2019\\\/09\\\/nwrs-logo.svg\",\"width\":1,\"height\":1,\"caption\":\"North West Roller Services Ltd\"},\"image\":{\"@id\":\"https:\\\/\\\/www.nwrollers.co.uk\\\/#\\\/schema\\\/logo\\\/image\\\/\"},\"sameAs\":[\"https:\\\/\\\/www.linkedin.com\\\/company\\\/north-west-roller-services-limited\"]}]}<\/script>\n<!-- \/ Yoast SEO plugin. -->","yoast_head_json":{"title":"Distribution - North West Roller Services Limited, UK","description":"North West Rollers Ltd prides itself on its global distribution service | We supply customer requirements via air and sea freight worldwide, with overnight shipping to the UK and Ireland","robots":{"index":"index","follow":"follow","max-snippet":"max-snippet:-1","max-image-preview":"max-image-preview:large","max-video-preview":"max-video-preview:-1"},"canonical":"https:\/\/www.nwrollers.co.uk\/pt\/distribution\/","og_locale":"pt_PT","og_type":"article","og_title":"Distribution - North West Roller Services Limited, UK","og_description":"North West Rollers Ltd prides itself on its global distribution service | We supply customer requirements via air and sea freight worldwide, with overnight shipping to the UK and Ireland","og_url":"https:\/\/www.nwrollers.co.uk\/pt\/distribution\/","og_site_name":"North West Rollers","article_modified_time":"2025-09-26T03:21:32+00:00","og_image":[{"width":500,"height":500,"url":"https:\/\/www.nwrollers.co.uk\/wp-content\/uploads\/2021\/08\/North-West-Roller-Services-Ltd-Distribution-UK.jpg","type":"image\/jpeg"}],"twitter_card":"summary_large_image","twitter_misc":{"Tempo estimado de leitura":"1 minuto"},"schema":{"@context":"https:\/\/schema.org","@graph":[{"@type":"WebPage","@id":"https:\/\/www.nwrollers.co.uk\/distribution\/","url":"https:\/\/www.nwrollers.co.uk\/distribution\/","name":"Distribution - North West Roller Services Limited, UK","isPartOf":{"@id":"https:\/\/www.nwrollers.co.uk\/#website"},"primaryImageOfPage":{"@id":"https:\/\/www.nwrollers.co.uk\/distribution\/#primaryimage"},"image":{"@id":"https:\/\/www.nwrollers.co.uk\/distribution\/#primaryimage"},"thumbnailUrl":"https:\/\/www.nwrollers.co.uk\/wp-content\/uploads\/2021\/08\/North-West-Roller-Services-Ltd-Distribution-UK.jpg","datePublished":"2021-07-08T10:38:50+00:00","dateModified":"2025-09-26T03:21:32+00:00","description":"North West Rollers Ltd prides itself on its global distribution service | We supply customer requirements via air and sea freight worldwide, with overnight shipping to the UK and Ireland","breadcrumb":{"@id":"https:\/\/www.nwrollers.co.uk\/distribution\/#breadcrumb"},"inLanguage":"pt-PT","potentialAction":[{"@type":"ReadAction","target":["https:\/\/www.nwrollers.co.uk\/distribution\/"]}]},{"@type":"ImageObject","inLanguage":"pt-PT","@id":"https:\/\/www.nwrollers.co.uk\/distribution\/#primaryimage","url":"https:\/\/www.nwrollers.co.uk\/wp-content\/uploads\/2021\/08\/North-West-Roller-Services-Ltd-Distribution-UK.jpg","contentUrl":"https:\/\/www.nwrollers.co.uk\/wp-content\/uploads\/2021\/08\/North-West-Roller-Services-Ltd-Distribution-UK.jpg","width":500,"height":500},{"@type":"BreadcrumbList","@id":"https:\/\/www.nwrollers.co.uk\/distribution\/#breadcrumb","itemListElement":[{"@type":"ListItem","position":1,"name":"Home","item":"https:\/\/www.nwrollers.co.uk\/"},{"@type":"ListItem","position":2,"name":"Distribution"}]},{"@type":"WebSite","@id":"https:\/\/www.nwrollers.co.uk\/#website","url":"https:\/\/www.nwrollers.co.uk\/","name":"North West Roller Services Ltd","description":"A Northwest Roller Services Limited fornece e atende globalmente as ind\u00fastrias de impress\u00e3o flexogr\u00e1fica e de gravura e lamina\u00e7\u00e3o","publisher":{"@id":"https:\/\/www.nwrollers.co.uk\/#organization"},"potentialAction":[{"@type":"SearchAction","target":{"@type":"EntryPoint","urlTemplate":"https:\/\/www.nwrollers.co.uk\/?s={search_term_string}"},"query-input":{"@type":"PropertyValueSpecification","valueRequired":true,"valueName":"search_term_string"}}],"inLanguage":"pt-PT"},{"@type":"Organization","@id":"https:\/\/www.nwrollers.co.uk\/#organization","name":"North West Roller Services Ltd","url":"https:\/\/www.nwrollers.co.uk\/","logo":{"@type":"ImageObject","inLanguage":"pt-PT","@id":"https:\/\/www.nwrollers.co.uk\/#\/schema\/logo\/image\/","url":"https:\/\/www.nwrollers.co.uk\/wp-content\/uploads\/2019\/09\/nwrs-logo.svg","contentUrl":"https:\/\/www.nwrollers.co.uk\/wp-content\/uploads\/2019\/09\/nwrs-logo.svg","width":1,"height":1,"caption":"North West Roller Services Ltd"},"image":{"@id":"https:\/\/www.nwrollers.co.uk\/#\/schema\/logo\/image\/"},"sameAs":["https:\/\/www.linkedin.com\/company\/north-west-roller-services-limited"]}]}},"_links":{"self":[{"href":"https:\/\/www.nwrollers.co.uk\/pt\/wp-json\/wp\/v2\/pages\/7187","targetHints":{"allow":["GET"]}}],"collection":[{"href":"https:\/\/www.nwrollers.co.uk\/pt\/wp-json\/wp\/v2\/pages"}],"about":[{"href":"https:\/\/www.nwrollers.co.uk\/pt\/wp-json\/wp\/v2\/types\/page"}],"author":[{"embeddable":true,"href":"https:\/\/www.nwrollers.co.uk\/pt\/wp-json\/wp\/v2\/users\/1"}],"replies":[{"embeddable":true,"href":"https:\/\/www.nwrollers.co.uk\/pt\/wp-json\/wp\/v2\/comments?post=7187"}],"version-history":[{"count":0,"href":"https:\/\/www.nwrollers.co.uk\/pt\/wp-json\/wp\/v2\/pages\/7187\/revisions"}],"wp:featuredmedia":[{"embeddable":true,"href":"https:\/\/www.nwrollers.co.uk\/pt\/wp-json\/wp\/v2\/media\/7593"}],"wp:attachment":[{"href":"https:\/\/www.nwrollers.co.uk\/pt\/wp-json\/wp\/v2\/media?parent=7187"}],"curies":[{"name":"wp","href":"https:\/\/api.w.org\/{rel}","templated":true}]}}