{"id":7185,"date":"2021-07-08T11:38:24","date_gmt":"2021-07-08T10:38:24","guid":{"rendered":"https:\/\/www.nwrollers.co.uk\/?page_id=7185"},"modified":"2025-11-28T11:55:53","modified_gmt":"2025-11-28T11:55:53","slug":"about-us","status":"publish","type":"page","link":"https:\/\/www.nwrollers.co.uk\/pt\/about-us\/","title":{"rendered":"Sobre n\u00f3s"},"content":{"rendered":"<div data-elementor-type=\"wp-page\" data-elementor-id=\"7185\" class=\"elementor elementor-7185\">\n\t\t\t\t<div class=\"elementor-element elementor-element-2abc517 e-flex e-con-boxed e-con e-parent\" data-id=\"2abc517\" data-element_type=\"container\" data-e-type=\"container\" data-settings=\"{&quot;background_background&quot;:&quot;classic&quot;}\">\n\t\t\t\t\t<div class=\"e-con-inner\">\n\t\t\t\t<div class=\"elementor-element elementor-element-7803e2c elementor-widget elementor-widget-heading\" data-id=\"7803e2c\" data-element_type=\"widget\" data-e-type=\"widget\" data-widget_type=\"heading.default\">\n\t\t\t\t\t<h2 class=\"elementor-heading-title elementor-size-default\">Company Overview<\/h2>\t\t\t\t<\/div>\n\t\t\t\t\t<\/div>\n\t\t\t\t<\/div>\n\t\t<div class=\"elementor-element elementor-element-ed23cdf e-flex e-con-boxed e-con e-parent\" data-id=\"ed23cdf\" data-element_type=\"container\" data-e-type=\"container\">\n\t\t\t\t\t<div class=\"e-con-inner\">\n\t\t<div class=\"elementor-element elementor-element-82a3cd1 e-con-full aboutusTop e-flex e-con e-child\" data-id=\"82a3cd1\" data-element_type=\"container\" data-e-type=\"container\">\n\t\t<div class=\"elementor-element elementor-element-9af59e9 e-con-full e-flex e-con e-child\" data-id=\"9af59e9\" data-element_type=\"container\" data-e-type=\"container\" data-settings=\"{&quot;background_background&quot;:&quot;classic&quot;}\">\n\t\t\t\t<div class=\"elementor-element elementor-element-9b7f5a1 elementor-widget elementor-widget-image\" data-id=\"9b7f5a1\" data-element_type=\"widget\" data-e-type=\"widget\" data-widget_type=\"image.default\">\n\t\t\t\t\t\t\t\t\t\t\t\t\t\t\t<img fetchpriority=\"high\" decoding=\"async\" width=\"858\" height=\"338\" src=\"https:\/\/www.nwrollers.co.uk\/wp-content\/uploads\/2025\/09\/overview.jpg\" class=\"attachment-full size-full wp-image-9810\" alt=\"\" \/>\t\t\t\t\t\t\t\t\t\t\t\t\t\t\t<\/div>\n\t\t\t\t<\/div>\n\t\t<div class=\"elementor-element elementor-element-de3591a e-con-full e-flex e-con e-child\" data-id=\"de3591a\" data-element_type=\"container\" data-e-type=\"container\" data-settings=\"{&quot;background_background&quot;:&quot;classic&quot;}\">\n\t\t\t\t<div class=\"elementor-element elementor-element-855dd84 elementor-icon-list--layout-traditional elementor-list-item-link-full_width elementor-widget elementor-widget-icon-list\" data-id=\"855dd84\" data-element_type=\"widget\" data-e-type=\"widget\" data-widget_type=\"icon-list.default\">\n\t\t\t\t\t\t\t<ul class=\"elementor-icon-list-items\">\n\t\t\t\t\t\t\t<li class=\"elementor-icon-list-item\">\n\t\t\t\t\t\t\t\t\t\t\t<a href=\"https:\/\/www.nwrollers.co.uk\/pt\/about-us\/\">\n\n\t\t\t\t\t\t\t\t\t\t\t<span class=\"elementor-icon-list-text\">Sobre n\u00f3s<\/span>\n\t\t\t\t\t\t\t\t\t\t\t<\/a>\n\t\t\t\t\t\t\t\t\t<\/li>\n\t\t\t\t\t\t\t\t<li class=\"elementor-icon-list-item\">\n\t\t\t\t\t\t\t\t\t\t\t<a href=\"https:\/\/www.nwrollers.co.uk\/pt\/company-history\/\">\n\n\t\t\t\t\t\t\t\t\t\t\t<span class=\"elementor-icon-list-text\">Company History &amp; Milestones<\/span>\n\t\t\t\t\t\t\t\t\t\t\t<\/a>\n\t\t\t\t\t\t\t\t\t<\/li>\n\t\t\t\t\t\t\t\t<li class=\"elementor-icon-list-item\">\n\t\t\t\t\t\t\t\t\t\t\t<a href=\"https:\/\/www.nwrollers.co.uk\/pt\/meet-our-team\/\">\n\n\t\t\t\t\t\t\t\t\t\t\t<span class=\"elementor-icon-list-text\">Conhe\u00e7a nosso time<\/span>\n\t\t\t\t\t\t\t\t\t\t\t<\/a>\n\t\t\t\t\t\t\t\t\t<\/li>\n\t\t\t\t\t\t\t\t<li class=\"elementor-icon-list-item\">\n\t\t\t\t\t\t\t\t\t\t\t<a href=\"https:\/\/www.nwrollers.co.uk\/pt\/careers-job-vacancies\/\">\n\n\t\t\t\t\t\t\t\t\t\t\t<span class=\"elementor-icon-list-text\">Carreiras, vagas de emprego<\/span>\n\t\t\t\t\t\t\t\t\t\t\t<\/a>\n\t\t\t\t\t\t\t\t\t<\/li>\n\t\t\t\t\t\t<\/ul>\n\t\t\t\t\t\t<\/div>\n\t\t<div class=\"elementor-element elementor-element-811f8c1 e-con-full e-flex e-con e-child\" data-id=\"811f8c1\" data-element_type=\"container\" data-e-type=\"container\" data-settings=\"{&quot;background_background&quot;:&quot;classic&quot;}\">\n\t\t\t\t<div class=\"elementor-element elementor-element-c0146fd elementor-widget elementor-widget-heading\" data-id=\"c0146fd\" data-element_type=\"widget\" data-e-type=\"widget\" data-widget_type=\"heading.default\">\n\t\t\t\t\t<h4 class=\"elementor-heading-title elementor-size-default\">How can we help you?<\/h4>\t\t\t\t<\/div>\n\t\t\t\t<div class=\"elementor-element elementor-element-1db2847 elementor-widget elementor-widget-heading\" data-id=\"1db2847\" data-element_type=\"widget\" data-e-type=\"widget\" data-widget_type=\"heading.default\">\n\t\t\t\t\t<h6 class=\"elementor-heading-title elementor-size-default\">Have a general enquiry or are not sure who to speak to?<\/h6>\t\t\t\t<\/div>\n\t\t\t\t<div class=\"elementor-element elementor-element-e90f420 elementor-widget elementor-widget-button\" data-id=\"e90f420\" data-element_type=\"widget\" data-e-type=\"widget\" data-widget_type=\"button.default\">\n\t\t\t\t\t\t\t\t\t\t<a class=\"elementor-button elementor-button-link elementor-size-sm\" href=\"#\">\n\t\t\t\t\t\t<span class=\"elementor-button-content-wrapper\">\n\t\t\t\t\t\t\t\t\t<span class=\"elementor-button-text\">Entre em contato conosco<\/span>\n\t\t\t\t\t<\/span>\n\t\t\t\t\t<\/a>\n\t\t\t\t\t\t\t\t<\/div>\n\t\t\t\t<\/div>\n\t\t\t\t<\/div>\n\t\t\t\t<\/div>\n\t\t\t\t\t<\/div>\n\t\t\t\t<\/div>\n\t\t<div class=\"elementor-element elementor-element-3855f7b e-flex e-con-boxed e-con e-parent\" data-id=\"3855f7b\" data-element_type=\"container\" data-e-type=\"container\">\n\t\t\t\t\t<div class=\"e-con-inner\">\n\t\t<div class=\"elementor-element elementor-element-6fc8e0d e-con-full e-flex e-con e-child\" data-id=\"6fc8e0d\" data-element_type=\"container\" data-e-type=\"container\">\n\t\t\t\t<div class=\"elementor-element elementor-element-3ece427 elementor-widget elementor-widget-text-editor\" data-id=\"3ece427\" data-element_type=\"widget\" data-e-type=\"widget\" data-widget_type=\"text-editor.default\">\n\t\t\t\t\t\t\t\t\t<p>A North West Roller Services Ltd \u00e9 h\u00e1 muito reconhecida como o principal fornecedor de rolos revestidos de borracha, rolos e luvas ITR gravados a laser para a ind\u00fastria de impress\u00e3o. Tamb\u00e9m desenvolvemos um relacionamento de trabalho com Strachan Henshaw, o desenvolvedor original do sistema de manga c\u00f4nica aqui no Reino Unido. Ap\u00f3s o fim da Strachan Henshaw, rapidamente nos tornamos o principal fabricante de luvas c\u00f4nicas e paralelas atendendo ao mercado do Reino Unido.<\/p><p>Sendo reconhecido como o principal fabricante de luvas aqui no Reino Unido, nosso nome se tornou sin\u00f4nimo de servi\u00e7o de qualidade e entrega eficiente de nossos produtos. Temos orgulho de nossa capacidade de atender \u00e0s demandas de nossos clientes e, ao fazer isso, isso se reflete em nossa capacidade de reter a lealdade existente e atrair novos clientes.<\/p><p>North West Roller Services Ltd \u00e9 agora o l\u00edder de mercado no Reino Unido para luvas c\u00f4nicas e paralelas, tendo fabricado tanto luvas c\u00f4nicas quanto paralelas por mais de 22 anos aqui em nosso site em Cheshire. Nosso nome se tornou a palavra de ordem quando se trata de fabrica\u00e7\u00e3o de luvas no Reino Unido.<\/p><p>A North West Roller Services Ltd h\u00e1 muito \u00e9 fornecedora de luvas de fibra de vidro que cobrem os setores de embalagem, lamina\u00e7\u00e3o e industrial no Reino Unido. Devido ao nosso conhecimento do produto e know-how t\u00e9cnico, temos a experi\u00eancia para converter lamina\u00e7\u00e3o a rolo \/ m\u00e1quinas de impress\u00e3o existentes para utilizar o sistema de manga, reduzindo custos e diminuindo o tempo de inatividade da produ\u00e7\u00e3o.<\/p><p>O uso de sistemas de manga reduz a necessidade de caixas pesadas, equipamentos de eleva\u00e7\u00e3o e sistemas de armazenamento especializados. As luvas podem ser transportadas com muita facilidade devido \u00e0 sua constru\u00e7\u00e3o leve.<\/p><p>Atualmente, estamos desenvolvendo nosso mercado de exporta\u00e7\u00e3o, fornecendo n\u00facleos de manga de fibra de vidro para muitas ag\u00eancias de importa\u00e7\u00e3o e cobertura de borracha em todo o mundo. A vantagem \u00e9 que as empresas de revestimentos de borracha ganham valor agregado com a cobertura de borracha nas pr\u00f3prias mangas, tornando-se assim um fornecedor local em sua localidade.<\/p>\t\t\t\t\t\t\t\t<\/div>\n\t\t\t\t<\/div>\n\t\t<div class=\"elementor-element elementor-element-f2ed681 e-con-full e-flex e-con e-child\" data-id=\"f2ed681\" data-element_type=\"container\" data-e-type=\"container\" data-settings=\"{&quot;background_background&quot;:&quot;classic&quot;}\">\n\t\t\t\t<div class=\"elementor-element elementor-element-5601548 elementor-widget elementor-widget-text-editor\" data-id=\"5601548\" data-element_type=\"widget\" data-e-type=\"widget\" data-widget_type=\"text-editor.default\">\n\t\t\t\t\t\t\t\t\t<p>Nossa expans\u00e3o se refletiu em um recorde operacional sem precedentes ao longo de trinta anos, mantendo um crescimento constante sem comprometer a estabilidade e a qualidade do produto<\/p>\t\t\t\t\t\t\t\t<\/div>\n\t\t\t\t<\/div>\n\t\t\t\t\t<\/div>\n\t\t\t\t<\/div>\n\t\t<div class=\"elementor-element elementor-element-17021ad e-flex e-con-boxed e-con e-parent\" data-id=\"17021ad\" data-element_type=\"container\" data-e-type=\"container\">\n\t\t\t\t\t<div class=\"e-con-inner\">\n\t\t<div class=\"elementor-element elementor-element-d74e7fa e-con-full e-flex e-con e-child\" data-id=\"d74e7fa\" data-element_type=\"container\" data-e-type=\"container\" data-settings=\"{&quot;background_background&quot;:&quot;classic&quot;}\">\n\t\t\t\t<div class=\"elementor-element elementor-element-794e4d7 elementor-widget elementor-widget-heading\" data-id=\"794e4d7\" data-element_type=\"widget\" data-e-type=\"widget\" data-widget_type=\"heading.default\">\n\t\t\t\t\t<h2 class=\"elementor-heading-title elementor-size-default\">Por que escolher o NWRS?<\/h2>\t\t\t\t<\/div>\n\t\t<div class=\"elementor-element elementor-element-9196ac7 e-con-full e-flex e-con e-child\" data-id=\"9196ac7\" data-element_type=\"container\" data-e-type=\"container\">\n\t\t<div class=\"elementor-element elementor-element-fd51902 e-con-full e-flex e-con e-child\" data-id=\"fd51902\" data-element_type=\"container\" data-e-type=\"container\">\n\t\t<div class=\"elementor-element elementor-element-1c92f6e e-con-full e-flex e-con e-child\" data-id=\"1c92f6e\" data-element_type=\"container\" data-e-type=\"container\">\n\t\t\t\t<div class=\"elementor-element elementor-element-f8a13a3 elementor-widget elementor-widget-image\" data-id=\"f8a13a3\" data-element_type=\"widget\" data-e-type=\"widget\" data-widget_type=\"image.default\">\n\t\t\t\t\t\t\t\t\t\t\t\t\t\t\t<img decoding=\"async\" width=\"71\" height=\"79\" src=\"https:\/\/www.nwrollers.co.uk\/wp-content\/uploads\/2025\/09\/Impeccable-Quality.png\" class=\"attachment-large size-large wp-image-9728\" alt=\"\" \/>\t\t\t\t\t\t\t\t\t\t\t\t\t\t\t<\/div>\n\t\t\t\t<\/div>\n\t\t\t\t<div class=\"elementor-element elementor-element-f50ab42 elementor-widget elementor-widget-heading\" data-id=\"f50ab42\" data-element_type=\"widget\" data-e-type=\"widget\" data-widget_type=\"heading.default\">\n\t\t\t\t\t<h2 class=\"elementor-heading-title elementor-size-default\">Qualidade impec\u00e1vel<\/h2>\t\t\t\t<\/div>\n\t\t\t\t<div class=\"elementor-element elementor-element-519b06b elementor-widget elementor-widget-text-editor\" data-id=\"519b06b\" data-element_type=\"widget\" data-e-type=\"widget\" data-widget_type=\"text-editor.default\">\n\t\t\t\t\t\t\t\t\t<p>Nosso nome se tornou sin\u00f4nimo de qualidade de produto e servi\u00e7o ao cliente, entregue para atender \u00e0s necessidades do cliente no prazo, e \u00e9 a base de nossa empresa de sucesso.<\/p>\t\t\t\t\t\t\t\t<\/div>\n\t\t\t\t<\/div>\n\t\t<div class=\"elementor-element elementor-element-373df52 e-con-full e-flex e-con e-child\" data-id=\"373df52\" data-element_type=\"container\" data-e-type=\"container\">\n\t\t<div class=\"elementor-element elementor-element-b61b15a e-con-full e-flex e-con e-child\" data-id=\"b61b15a\" data-element_type=\"container\" data-e-type=\"container\">\n\t\t\t\t<div class=\"elementor-element elementor-element-99788c3 elementor-widget elementor-widget-image\" data-id=\"99788c3\" data-element_type=\"widget\" data-e-type=\"widget\" data-widget_type=\"image.default\">\n\t\t\t\t\t\t\t\t\t\t\t\t\t\t\t<img decoding=\"async\" width=\"74\" height=\"74\" src=\"https:\/\/www.nwrollers.co.uk\/wp-content\/uploads\/2025\/09\/World-Class-Service.png\" class=\"attachment-large size-large wp-image-9730\" alt=\"\" \/>\t\t\t\t\t\t\t\t\t\t\t\t\t\t\t<\/div>\n\t\t\t\t<\/div>\n\t\t\t\t<div class=\"elementor-element elementor-element-90cf277 elementor-widget elementor-widget-heading\" data-id=\"90cf277\" data-element_type=\"widget\" data-e-type=\"widget\" data-widget_type=\"heading.default\">\n\t\t\t\t\t<h2 class=\"elementor-heading-title elementor-size-default\">Servi\u00e7o de classe mundial<\/h2>\t\t\t\t<\/div>\n\t\t\t\t<div class=\"elementor-element elementor-element-1ec6a22 elementor-widget elementor-widget-text-editor\" data-id=\"1ec6a22\" data-element_type=\"widget\" data-e-type=\"widget\" data-widget_type=\"text-editor.default\">\n\t\t\t\t\t\t\t\t\t<p>Temos orgulho de nossa capacidade de atender \u00e0 demanda dos clientes. Nossas habilidades s\u00e3o reconhecidas globalmente com muitas contas de longa data em todo o Reino Unido, Europa, EUA e Extremo Oriente.<\/p>\t\t\t\t\t\t\t\t<\/div>\n\t\t\t\t<\/div>\n\t\t<div class=\"elementor-element elementor-element-ab19664 e-con-full e-flex e-con e-child\" data-id=\"ab19664\" data-element_type=\"container\" data-e-type=\"container\">\n\t\t<div class=\"elementor-element elementor-element-7bc7339 e-con-full e-flex e-con e-child\" data-id=\"7bc7339\" data-element_type=\"container\" data-e-type=\"container\">\n\t\t\t\t<div class=\"elementor-element elementor-element-579bfb0 elementor-widget elementor-widget-image\" data-id=\"579bfb0\" data-element_type=\"widget\" data-e-type=\"widget\" data-widget_type=\"image.default\">\n\t\t\t\t\t\t\t\t\t\t\t\t\t\t\t<img loading=\"lazy\" decoding=\"async\" width=\"83\" height=\"61\" src=\"https:\/\/www.nwrollers.co.uk\/wp-content\/uploads\/2025\/09\/Speed-Delivery.png\" class=\"attachment-large size-large wp-image-9729\" alt=\"\" \/>\t\t\t\t\t\t\t\t\t\t\t\t\t\t\t<\/div>\n\t\t\t\t<\/div>\n\t\t\t\t<div class=\"elementor-element elementor-element-2405a01 elementor-widget elementor-widget-heading\" data-id=\"2405a01\" data-element_type=\"widget\" data-e-type=\"widget\" data-widget_type=\"heading.default\">\n\t\t\t\t\t<h2 class=\"elementor-heading-title elementor-size-default\">Velocidade e entrega<\/h2>\t\t\t\t<\/div>\n\t\t\t\t<div class=\"elementor-element elementor-element-17c5d8c elementor-widget elementor-widget-text-editor\" data-id=\"17c5d8c\" data-element_type=\"widget\" data-e-type=\"widget\" data-widget_type=\"text-editor.default\">\n\t\t\t\t\t\t\t\t\t<p>A ind\u00fastria de impress\u00e3o exige um retorno r\u00e1pido. A NWRS fabrica uma luva e capa de borracha em 48 horas, essenciais para limitar o tempo de inatividade e acelerar a produ\u00e7\u00e3o de impress\u00e3o.<\/p>\t\t\t\t\t\t\t\t<\/div>\n\t\t\t\t<\/div>\n\t\t\t\t<\/div>\n\t\t\t\t<\/div>\n\t\t\t\t\t<\/div>\n\t\t\t\t<\/div>\n\t\t\t\t<\/div>","protected":false},"excerpt":{"rendered":"<p>Company Overview About Us Company History &amp; Milestones Meet Our Team Careers, Job Vacancies How can we help you? Have a general enquiry or are not sure who to speak to? Contact Us North West Roller Services Ltd has been long recognised as the premier supplier of rubber-covered rollers, Laser engraved ITR rollers and sleeves [&hellip;]<\/p>\n","protected":false},"author":1,"featured_media":7905,"parent":0,"menu_order":0,"comment_status":"closed","ping_status":"closed","template":"","meta":{"footnotes":""},"class_list":["post-7185","page","type-page","status-publish","has-post-thumbnail","hentry"],"yoast_head":"<!-- This site is optimized with the Yoast SEO plugin v27.5 - https:\/\/yoast.com\/product\/yoast-seo-wordpress\/ -->\n<title>North West Roller Services Limited, UK | About Us<\/title>\n<meta name=\"description\" content=\"NWRS Ltd have long been suppliers of Fibreglass sleeves covering the Packaging, Lamination, and Industrial sectors in the UK.\" \/>\n<meta name=\"robots\" content=\"index, follow, max-snippet:-1, max-image-preview:large, max-video-preview:-1\" \/>\n<link rel=\"canonical\" href=\"https:\/\/www.nwrollers.co.uk\/pt\/about-us\/\" \/>\n<meta property=\"og:locale\" content=\"pt_PT\" \/>\n<meta property=\"og:type\" content=\"article\" \/>\n<meta property=\"og:title\" content=\"North West Roller Services Limited, UK | About Us\" \/>\n<meta property=\"og:description\" content=\"NWRS Ltd have long been suppliers of Fibreglass sleeves covering the Packaging, Lamination, and Industrial sectors in the UK.\" \/>\n<meta property=\"og:url\" content=\"https:\/\/www.nwrollers.co.uk\/pt\/about-us\/\" \/>\n<meta property=\"og:site_name\" content=\"North West Rollers\" \/>\n<meta property=\"article:modified_time\" content=\"2025-11-28T11:55:53+00:00\" \/>\n<meta property=\"og:image\" content=\"https:\/\/www.nwrollers.co.uk\/wp-content\/uploads\/2021\/09\/About-Us-NWRS-Head-Office.jpg\" \/>\n\t<meta property=\"og:image:width\" content=\"1110\" \/>\n\t<meta property=\"og:image:height\" content=\"814\" \/>\n\t<meta property=\"og:image:type\" content=\"image\/jpeg\" \/>\n<meta name=\"twitter:card\" content=\"summary_large_image\" \/>\n<meta name=\"twitter:label1\" content=\"Tempo estimado de leitura\" \/>\n\t<meta name=\"twitter:data1\" content=\"2 minutos\" \/>\n<script type=\"application\/ld+json\" class=\"yoast-schema-graph\">{\"@context\":\"https:\\\/\\\/schema.org\",\"@graph\":[{\"@type\":\"WebPage\",\"@id\":\"https:\\\/\\\/www.nwrollers.co.uk\\\/about-us\\\/\",\"url\":\"https:\\\/\\\/www.nwrollers.co.uk\\\/about-us\\\/\",\"name\":\"North West Roller Services Limited, UK | About Us\",\"isPartOf\":{\"@id\":\"https:\\\/\\\/www.nwrollers.co.uk\\\/#website\"},\"primaryImageOfPage\":{\"@id\":\"https:\\\/\\\/www.nwrollers.co.uk\\\/about-us\\\/#primaryimage\"},\"image\":{\"@id\":\"https:\\\/\\\/www.nwrollers.co.uk\\\/about-us\\\/#primaryimage\"},\"thumbnailUrl\":\"https:\\\/\\\/www.nwrollers.co.uk\\\/wp-content\\\/uploads\\\/2021\\\/09\\\/About-Us-NWRS-Head-Office.jpg\",\"datePublished\":\"2021-07-08T10:38:24+00:00\",\"dateModified\":\"2025-11-28T11:55:53+00:00\",\"description\":\"NWRS Ltd have long been suppliers of Fibreglass sleeves covering the Packaging, Lamination, and Industrial sectors in the UK.\",\"breadcrumb\":{\"@id\":\"https:\\\/\\\/www.nwrollers.co.uk\\\/about-us\\\/#breadcrumb\"},\"inLanguage\":\"pt-PT\",\"potentialAction\":[{\"@type\":\"ReadAction\",\"target\":[\"https:\\\/\\\/www.nwrollers.co.uk\\\/about-us\\\/\"]}]},{\"@type\":\"ImageObject\",\"inLanguage\":\"pt-PT\",\"@id\":\"https:\\\/\\\/www.nwrollers.co.uk\\\/about-us\\\/#primaryimage\",\"url\":\"https:\\\/\\\/www.nwrollers.co.uk\\\/wp-content\\\/uploads\\\/2021\\\/09\\\/About-Us-NWRS-Head-Office.jpg\",\"contentUrl\":\"https:\\\/\\\/www.nwrollers.co.uk\\\/wp-content\\\/uploads\\\/2021\\\/09\\\/About-Us-NWRS-Head-Office.jpg\",\"width\":1110,\"height\":814},{\"@type\":\"BreadcrumbList\",\"@id\":\"https:\\\/\\\/www.nwrollers.co.uk\\\/about-us\\\/#breadcrumb\",\"itemListElement\":[{\"@type\":\"ListItem\",\"position\":1,\"name\":\"Home\",\"item\":\"https:\\\/\\\/www.nwrollers.co.uk\\\/\"},{\"@type\":\"ListItem\",\"position\":2,\"name\":\"About Us\"}]},{\"@type\":\"WebSite\",\"@id\":\"https:\\\/\\\/www.nwrollers.co.uk\\\/#website\",\"url\":\"https:\\\/\\\/www.nwrollers.co.uk\\\/\",\"name\":\"North West Roller Services Ltd\",\"description\":\"Northwest Roller Services Limited supply and service on a global basis the Flexographic and Gravure printing and Lamination Industries\",\"publisher\":{\"@id\":\"https:\\\/\\\/www.nwrollers.co.uk\\\/#organization\"},\"potentialAction\":[{\"@type\":\"SearchAction\",\"target\":{\"@type\":\"EntryPoint\",\"urlTemplate\":\"https:\\\/\\\/www.nwrollers.co.uk\\\/?s={search_term_string}\"},\"query-input\":{\"@type\":\"PropertyValueSpecification\",\"valueRequired\":true,\"valueName\":\"search_term_string\"}}],\"inLanguage\":\"pt-PT\"},{\"@type\":\"Organization\",\"@id\":\"https:\\\/\\\/www.nwrollers.co.uk\\\/#organization\",\"name\":\"North West Roller Services Ltd\",\"url\":\"https:\\\/\\\/www.nwrollers.co.uk\\\/\",\"logo\":{\"@type\":\"ImageObject\",\"inLanguage\":\"pt-PT\",\"@id\":\"https:\\\/\\\/www.nwrollers.co.uk\\\/#\\\/schema\\\/logo\\\/image\\\/\",\"url\":\"https:\\\/\\\/www.nwrollers.co.uk\\\/wp-content\\\/uploads\\\/2019\\\/09\\\/nwrs-logo.svg\",\"contentUrl\":\"https:\\\/\\\/www.nwrollers.co.uk\\\/wp-content\\\/uploads\\\/2019\\\/09\\\/nwrs-logo.svg\",\"width\":1,\"height\":1,\"caption\":\"North West Roller Services Ltd\"},\"image\":{\"@id\":\"https:\\\/\\\/www.nwrollers.co.uk\\\/#\\\/schema\\\/logo\\\/image\\\/\"},\"sameAs\":[\"https:\\\/\\\/www.linkedin.com\\\/company\\\/north-west-roller-services-limited\"]}]}<\/script>\n<!-- \/ Yoast SEO plugin. -->","yoast_head_json":{"title":"North West Roller Services Limited, UK | About Us","description":"NWRS Ltd have long been suppliers of Fibreglass sleeves covering the Packaging, Lamination, and Industrial sectors in the UK.","robots":{"index":"index","follow":"follow","max-snippet":"max-snippet:-1","max-image-preview":"max-image-preview:large","max-video-preview":"max-video-preview:-1"},"canonical":"https:\/\/www.nwrollers.co.uk\/pt\/about-us\/","og_locale":"pt_PT","og_type":"article","og_title":"North West Roller Services Limited, UK | About Us","og_description":"NWRS Ltd have long been suppliers of Fibreglass sleeves covering the Packaging, Lamination, and Industrial sectors in the UK.","og_url":"https:\/\/www.nwrollers.co.uk\/pt\/about-us\/","og_site_name":"North West Rollers","article_modified_time":"2025-11-28T11:55:53+00:00","og_image":[{"width":1110,"height":814,"url":"https:\/\/www.nwrollers.co.uk\/wp-content\/uploads\/2021\/09\/About-Us-NWRS-Head-Office.jpg","type":"image\/jpeg"}],"twitter_card":"summary_large_image","twitter_misc":{"Tempo estimado de leitura":"2 minutos"},"schema":{"@context":"https:\/\/schema.org","@graph":[{"@type":"WebPage","@id":"https:\/\/www.nwrollers.co.uk\/about-us\/","url":"https:\/\/www.nwrollers.co.uk\/about-us\/","name":"North West Roller Services Limited, UK | About Us","isPartOf":{"@id":"https:\/\/www.nwrollers.co.uk\/#website"},"primaryImageOfPage":{"@id":"https:\/\/www.nwrollers.co.uk\/about-us\/#primaryimage"},"image":{"@id":"https:\/\/www.nwrollers.co.uk\/about-us\/#primaryimage"},"thumbnailUrl":"https:\/\/www.nwrollers.co.uk\/wp-content\/uploads\/2021\/09\/About-Us-NWRS-Head-Office.jpg","datePublished":"2021-07-08T10:38:24+00:00","dateModified":"2025-11-28T11:55:53+00:00","description":"NWRS Ltd have long been suppliers of Fibreglass sleeves covering the Packaging, Lamination, and Industrial sectors in the UK.","breadcrumb":{"@id":"https:\/\/www.nwrollers.co.uk\/about-us\/#breadcrumb"},"inLanguage":"pt-PT","potentialAction":[{"@type":"ReadAction","target":["https:\/\/www.nwrollers.co.uk\/about-us\/"]}]},{"@type":"ImageObject","inLanguage":"pt-PT","@id":"https:\/\/www.nwrollers.co.uk\/about-us\/#primaryimage","url":"https:\/\/www.nwrollers.co.uk\/wp-content\/uploads\/2021\/09\/About-Us-NWRS-Head-Office.jpg","contentUrl":"https:\/\/www.nwrollers.co.uk\/wp-content\/uploads\/2021\/09\/About-Us-NWRS-Head-Office.jpg","width":1110,"height":814},{"@type":"BreadcrumbList","@id":"https:\/\/www.nwrollers.co.uk\/about-us\/#breadcrumb","itemListElement":[{"@type":"ListItem","position":1,"name":"Home","item":"https:\/\/www.nwrollers.co.uk\/"},{"@type":"ListItem","position":2,"name":"About Us"}]},{"@type":"WebSite","@id":"https:\/\/www.nwrollers.co.uk\/#website","url":"https:\/\/www.nwrollers.co.uk\/","name":"North West Roller Services Ltd","description":"A Northwest Roller Services Limited fornece e atende globalmente as ind\u00fastrias de impress\u00e3o flexogr\u00e1fica e de gravura e lamina\u00e7\u00e3o","publisher":{"@id":"https:\/\/www.nwrollers.co.uk\/#organization"},"potentialAction":[{"@type":"SearchAction","target":{"@type":"EntryPoint","urlTemplate":"https:\/\/www.nwrollers.co.uk\/?s={search_term_string}"},"query-input":{"@type":"PropertyValueSpecification","valueRequired":true,"valueName":"search_term_string"}}],"inLanguage":"pt-PT"},{"@type":"Organization","@id":"https:\/\/www.nwrollers.co.uk\/#organization","name":"North West Roller Services Ltd","url":"https:\/\/www.nwrollers.co.uk\/","logo":{"@type":"ImageObject","inLanguage":"pt-PT","@id":"https:\/\/www.nwrollers.co.uk\/#\/schema\/logo\/image\/","url":"https:\/\/www.nwrollers.co.uk\/wp-content\/uploads\/2019\/09\/nwrs-logo.svg","contentUrl":"https:\/\/www.nwrollers.co.uk\/wp-content\/uploads\/2019\/09\/nwrs-logo.svg","width":1,"height":1,"caption":"North West Roller Services Ltd"},"image":{"@id":"https:\/\/www.nwrollers.co.uk\/#\/schema\/logo\/image\/"},"sameAs":["https:\/\/www.linkedin.com\/company\/north-west-roller-services-limited"]}]}},"_links":{"self":[{"href":"https:\/\/www.nwrollers.co.uk\/pt\/wp-json\/wp\/v2\/pages\/7185","targetHints":{"allow":["GET"]}}],"collection":[{"href":"https:\/\/www.nwrollers.co.uk\/pt\/wp-json\/wp\/v2\/pages"}],"about":[{"href":"https:\/\/www.nwrollers.co.uk\/pt\/wp-json\/wp\/v2\/types\/page"}],"author":[{"embeddable":true,"href":"https:\/\/www.nwrollers.co.uk\/pt\/wp-json\/wp\/v2\/users\/1"}],"replies":[{"embeddable":true,"href":"https:\/\/www.nwrollers.co.uk\/pt\/wp-json\/wp\/v2\/comments?post=7185"}],"version-history":[{"count":0,"href":"https:\/\/www.nwrollers.co.uk\/pt\/wp-json\/wp\/v2\/pages\/7185\/revisions"}],"wp:featuredmedia":[{"embeddable":true,"href":"https:\/\/www.nwrollers.co.uk\/pt\/wp-json\/wp\/v2\/media\/7905"}],"wp:attachment":[{"href":"https:\/\/www.nwrollers.co.uk\/pt\/wp-json\/wp\/v2\/media?parent=7185"}],"curies":[{"name":"wp","href":"https:\/\/api.w.org\/{rel}","templated":true}]}}