{"id":7704,"date":"2021-09-06T10:27:46","date_gmt":"2021-09-06T09:27:46","guid":{"rendered":"https:\/\/www.nwrollers.co.uk\/?page_id=7704"},"modified":"2025-11-28T13:23:05","modified_gmt":"2025-11-28T13:23:05","slug":"exports","status":"publish","type":"page","link":"https:\/\/www.nwrollers.co.uk\/fr\/exports\/","title":{"rendered":"Exportations"},"content":{"rendered":"<div data-elementor-type=\"wp-page\" data-elementor-id=\"7704\" class=\"elementor elementor-7704\">\n\t\t\t\t<div class=\"elementor-element elementor-element-d788fe9 e-flex e-con-boxed e-con e-parent\" data-id=\"d788fe9\" data-element_type=\"container\" data-e-type=\"container\">\n\t\t\t\t\t<div class=\"e-con-inner\">\n\t\t\t\t<div class=\"elementor-element elementor-element-383a760 elementor-widget elementor-widget-text-editor\" data-id=\"383a760\" data-element_type=\"widget\" data-e-type=\"widget\" data-widget_type=\"text-editor.default\">\n\t\t\t\t\t\t\t\t\t<p><span style=\"font-weight: 400;\">Si\u00e8ge social au Royaume-Uni <img decoding=\"async\" class=\"alignnone wp-image-7744\" src=\"https:\/\/www.nwrollers.co.uk\/wp-content\/uploads\/2021\/09\/Map-location.jpg\" alt=\"\" width=\"15\" height=\"15\" \/><\/span><\/p>\t\t\t\t\t\t\t\t<\/div>\n\t\t\t\t<div class=\"elementor-element elementor-element-3912c67 elementor-widget elementor-widget-text-editor\" data-id=\"3912c67\" data-element_type=\"widget\" data-e-type=\"widget\" data-widget_type=\"text-editor.default\">\n\t\t\t\t\t\t\t\t\t<p><span style=\"font-weight: 400;\">March\u00e9 d&#039;exportation actuel <img decoding=\"async\" class=\"alignnone wp-image-7821 size-full\" src=\"https:\/\/www.nwrollers.co.uk\/wp-content\/uploads\/2021\/09\/Export.jpg\" alt=\"\" width=\"30\" height=\"15\" \/><\/span><\/p>\t\t\t\t\t\t\t\t<\/div>\n\t\t\t\t<div class=\"elementor-element elementor-element-8a910ab elementor-widget elementor-widget-text-editor\" data-id=\"8a910ab\" data-element_type=\"widget\" data-e-type=\"widget\" data-widget_type=\"text-editor.default\">\n\t\t\t\t\t\t\t\t\t<p><span style=\"font-weight: 400;\">Agent \u00e0 l&#039;\u00e9tranger <img decoding=\"async\" class=\"alignnone wp-image-7822 size-full\" src=\"https:\/\/www.nwrollers.co.uk\/wp-content\/uploads\/2021\/09\/Agent.jpg\" alt=\"\" width=\"30\" height=\"15\" \/><\/span><\/p>\t\t\t\t\t\t\t\t<\/div>\n\t\t\t\t\t<\/div>\n\t\t\t\t<\/div>\n\t\t<div class=\"elementor-element elementor-element-c058c9b e-flex e-con-boxed e-con e-parent\" data-id=\"c058c9b\" data-element_type=\"container\" data-e-type=\"container\">\n\t\t\t\t\t<div class=\"e-con-inner\">\n\t\t\t\t<div class=\"elementor-element elementor-element-d38a811 elementor-widget elementor-widget-shortcode\" data-id=\"d38a811\" data-element_type=\"widget\" data-e-type=\"widget\" data-widget_type=\"shortcode.default\">\n\t\t\t\t\t\t\t<div class=\"elementor-shortcode\"><div class=\"map_wrapper\" id=\"map_wrapper_7703\">\n<div class=\"map_box\" style=\"max-width:2000px\">\n<div class=\"map_aspect_ratio\" style=\"padding-top:56%\" data-padding-top=\"56%\" data-padding-top-mobile=\"0%\">\n<div class=\"map_container\">\n<div class=\"map_render map_loading\" id=\"map_7703\"><\/div>\n<\/div>\n<\/div>\n<\/div>\n<\/div><\/div>\n\t\t\t\t\t\t<\/div>\n\t\t\t\t\t<\/div>\n\t\t\t\t<\/div>\n\t\t\t\t<\/div>","protected":false},"excerpt":{"rendered":"<p>UK Head Office Current Export Market Overseas Agent<\/p>","protected":false},"author":1,"featured_media":7907,"parent":0,"menu_order":0,"comment_status":"closed","ping_status":"closed","template":"","meta":{"footnotes":""},"class_list":["post-7704","page","type-page","status-publish","has-post-thumbnail","hentry"],"yoast_head":"<!-- This site is optimized with the Yoast SEO plugin v27.5 - https:\/\/yoast.com\/product\/yoast-seo-wordpress\/ -->\n<title>Exports &amp; Overseas | North West Roller Services Limited, UK<\/title>\n<meta name=\"description\" content=\"We are currently developing our export market providing fibreglass sleeve cores to many rubber covering and importing agencies around the world\" \/>\n<meta name=\"robots\" content=\"index, follow, max-snippet:-1, max-image-preview:large, max-video-preview:-1\" \/>\n<link rel=\"canonical\" href=\"https:\/\/www.nwrollers.co.uk\/fr\/exports\/\" \/>\n<meta property=\"og:locale\" content=\"fr_CA\" \/>\n<meta property=\"og:type\" content=\"article\" \/>\n<meta property=\"og:title\" content=\"Exports &amp; Overseas | North West Roller Services Limited, UK\" \/>\n<meta property=\"og:description\" content=\"We are currently developing our export market providing fibreglass sleeve cores to many rubber covering and importing agencies around the world\" \/>\n<meta property=\"og:url\" content=\"https:\/\/www.nwrollers.co.uk\/fr\/exports\/\" \/>\n<meta property=\"og:site_name\" content=\"North West Rollers\" \/>\n<meta property=\"article:modified_time\" content=\"2025-11-28T13:23:05+00:00\" \/>\n<meta property=\"og:image\" content=\"https:\/\/www.nwrollers.co.uk\/wp-content\/uploads\/2021\/09\/NWRS-EXports-Overseas.jpg\" \/>\n\t<meta property=\"og:image:width\" content=\"599\" \/>\n\t<meta property=\"og:image:height\" content=\"500\" \/>\n\t<meta property=\"og:image:type\" content=\"image\/jpeg\" \/>\n<meta name=\"twitter:card\" content=\"summary_large_image\" \/>\n<meta name=\"twitter:label1\" content=\"Estimation du temps de lecture\" \/>\n\t<meta name=\"twitter:data1\" content=\"1 minute\" \/>\n<script type=\"application\/ld+json\" class=\"yoast-schema-graph\">{\"@context\":\"https:\\\/\\\/schema.org\",\"@graph\":[{\"@type\":\"WebPage\",\"@id\":\"https:\\\/\\\/www.nwrollers.co.uk\\\/exports\\\/\",\"url\":\"https:\\\/\\\/www.nwrollers.co.uk\\\/exports\\\/\",\"name\":\"Exports & Overseas | North West Roller Services Limited, UK\",\"isPartOf\":{\"@id\":\"https:\\\/\\\/www.nwrollers.co.uk\\\/#website\"},\"primaryImageOfPage\":{\"@id\":\"https:\\\/\\\/www.nwrollers.co.uk\\\/exports\\\/#primaryimage\"},\"image\":{\"@id\":\"https:\\\/\\\/www.nwrollers.co.uk\\\/exports\\\/#primaryimage\"},\"thumbnailUrl\":\"https:\\\/\\\/www.nwrollers.co.uk\\\/wp-content\\\/uploads\\\/2021\\\/09\\\/NWRS-EXports-Overseas.jpg\",\"datePublished\":\"2021-09-06T09:27:46+00:00\",\"dateModified\":\"2025-11-28T13:23:05+00:00\",\"description\":\"We are currently developing our export market providing fibreglass sleeve cores to many rubber covering and importing agencies around the world\",\"breadcrumb\":{\"@id\":\"https:\\\/\\\/www.nwrollers.co.uk\\\/exports\\\/#breadcrumb\"},\"inLanguage\":\"fr-CA\",\"potentialAction\":[{\"@type\":\"ReadAction\",\"target\":[\"https:\\\/\\\/www.nwrollers.co.uk\\\/exports\\\/\"]}]},{\"@type\":\"ImageObject\",\"inLanguage\":\"fr-CA\",\"@id\":\"https:\\\/\\\/www.nwrollers.co.uk\\\/exports\\\/#primaryimage\",\"url\":\"https:\\\/\\\/www.nwrollers.co.uk\\\/wp-content\\\/uploads\\\/2021\\\/09\\\/NWRS-EXports-Overseas.jpg\",\"contentUrl\":\"https:\\\/\\\/www.nwrollers.co.uk\\\/wp-content\\\/uploads\\\/2021\\\/09\\\/NWRS-EXports-Overseas.jpg\",\"width\":599,\"height\":500},{\"@type\":\"BreadcrumbList\",\"@id\":\"https:\\\/\\\/www.nwrollers.co.uk\\\/exports\\\/#breadcrumb\",\"itemListElement\":[{\"@type\":\"ListItem\",\"position\":1,\"name\":\"Home\",\"item\":\"https:\\\/\\\/www.nwrollers.co.uk\\\/\"},{\"@type\":\"ListItem\",\"position\":2,\"name\":\"Exports\"}]},{\"@type\":\"WebSite\",\"@id\":\"https:\\\/\\\/www.nwrollers.co.uk\\\/#website\",\"url\":\"https:\\\/\\\/www.nwrollers.co.uk\\\/\",\"name\":\"North West Roller Services Ltd\",\"description\":\"Northwest Roller Services Limited supply and service on a global basis the Flexographic and Gravure printing and Lamination Industries\",\"publisher\":{\"@id\":\"https:\\\/\\\/www.nwrollers.co.uk\\\/#organization\"},\"potentialAction\":[{\"@type\":\"SearchAction\",\"target\":{\"@type\":\"EntryPoint\",\"urlTemplate\":\"https:\\\/\\\/www.nwrollers.co.uk\\\/?s={search_term_string}\"},\"query-input\":{\"@type\":\"PropertyValueSpecification\",\"valueRequired\":true,\"valueName\":\"search_term_string\"}}],\"inLanguage\":\"fr-CA\"},{\"@type\":\"Organization\",\"@id\":\"https:\\\/\\\/www.nwrollers.co.uk\\\/#organization\",\"name\":\"North West Roller Services Ltd\",\"url\":\"https:\\\/\\\/www.nwrollers.co.uk\\\/\",\"logo\":{\"@type\":\"ImageObject\",\"inLanguage\":\"fr-CA\",\"@id\":\"https:\\\/\\\/www.nwrollers.co.uk\\\/#\\\/schema\\\/logo\\\/image\\\/\",\"url\":\"https:\\\/\\\/www.nwrollers.co.uk\\\/wp-content\\\/uploads\\\/2019\\\/09\\\/nwrs-logo.svg\",\"contentUrl\":\"https:\\\/\\\/www.nwrollers.co.uk\\\/wp-content\\\/uploads\\\/2019\\\/09\\\/nwrs-logo.svg\",\"width\":1,\"height\":1,\"caption\":\"North West Roller Services Ltd\"},\"image\":{\"@id\":\"https:\\\/\\\/www.nwrollers.co.uk\\\/#\\\/schema\\\/logo\\\/image\\\/\"},\"sameAs\":[\"https:\\\/\\\/www.linkedin.com\\\/company\\\/north-west-roller-services-limited\"]}]}<\/script>\n<!-- \/ Yoast SEO plugin. -->","yoast_head_json":{"title":"Exports & Overseas | North West Roller Services Limited, UK","description":"We are currently developing our export market providing fibreglass sleeve cores to many rubber covering and importing agencies around the world","robots":{"index":"index","follow":"follow","max-snippet":"max-snippet:-1","max-image-preview":"max-image-preview:large","max-video-preview":"max-video-preview:-1"},"canonical":"https:\/\/www.nwrollers.co.uk\/fr\/exports\/","og_locale":"fr_CA","og_type":"article","og_title":"Exports & Overseas | North West Roller Services Limited, UK","og_description":"We are currently developing our export market providing fibreglass sleeve cores to many rubber covering and importing agencies around the world","og_url":"https:\/\/www.nwrollers.co.uk\/fr\/exports\/","og_site_name":"North West Rollers","article_modified_time":"2025-11-28T13:23:05+00:00","og_image":[{"width":599,"height":500,"url":"https:\/\/www.nwrollers.co.uk\/wp-content\/uploads\/2021\/09\/NWRS-EXports-Overseas.jpg","type":"image\/jpeg"}],"twitter_card":"summary_large_image","twitter_misc":{"Estimation du temps de lecture":"1 minute"},"schema":{"@context":"https:\/\/schema.org","@graph":[{"@type":"WebPage","@id":"https:\/\/www.nwrollers.co.uk\/exports\/","url":"https:\/\/www.nwrollers.co.uk\/exports\/","name":"Exports & Overseas | North West Roller Services Limited, UK","isPartOf":{"@id":"https:\/\/www.nwrollers.co.uk\/#website"},"primaryImageOfPage":{"@id":"https:\/\/www.nwrollers.co.uk\/exports\/#primaryimage"},"image":{"@id":"https:\/\/www.nwrollers.co.uk\/exports\/#primaryimage"},"thumbnailUrl":"https:\/\/www.nwrollers.co.uk\/wp-content\/uploads\/2021\/09\/NWRS-EXports-Overseas.jpg","datePublished":"2021-09-06T09:27:46+00:00","dateModified":"2025-11-28T13:23:05+00:00","description":"We are currently developing our export market providing fibreglass sleeve cores to many rubber covering and importing agencies around the world","breadcrumb":{"@id":"https:\/\/www.nwrollers.co.uk\/exports\/#breadcrumb"},"inLanguage":"fr-CA","potentialAction":[{"@type":"ReadAction","target":["https:\/\/www.nwrollers.co.uk\/exports\/"]}]},{"@type":"ImageObject","inLanguage":"fr-CA","@id":"https:\/\/www.nwrollers.co.uk\/exports\/#primaryimage","url":"https:\/\/www.nwrollers.co.uk\/wp-content\/uploads\/2021\/09\/NWRS-EXports-Overseas.jpg","contentUrl":"https:\/\/www.nwrollers.co.uk\/wp-content\/uploads\/2021\/09\/NWRS-EXports-Overseas.jpg","width":599,"height":500},{"@type":"BreadcrumbList","@id":"https:\/\/www.nwrollers.co.uk\/exports\/#breadcrumb","itemListElement":[{"@type":"ListItem","position":1,"name":"Home","item":"https:\/\/www.nwrollers.co.uk\/"},{"@type":"ListItem","position":2,"name":"Exports"}]},{"@type":"WebSite","@id":"https:\/\/www.nwrollers.co.uk\/#website","url":"https:\/\/www.nwrollers.co.uk\/","name":"North West Roller Services Ltd","description":"Northwest Roller Services Limited fournit et entretient \u00e0 l&#039;\u00e9chelle mondiale les industries de l&#039;impression flexographique et de l&#039;h\u00e9liogravure et du laminage","publisher":{"@id":"https:\/\/www.nwrollers.co.uk\/#organization"},"potentialAction":[{"@type":"SearchAction","target":{"@type":"EntryPoint","urlTemplate":"https:\/\/www.nwrollers.co.uk\/?s={search_term_string}"},"query-input":{"@type":"PropertyValueSpecification","valueRequired":true,"valueName":"search_term_string"}}],"inLanguage":"fr-CA"},{"@type":"Organization","@id":"https:\/\/www.nwrollers.co.uk\/#organization","name":"North West Roller Services Ltd","url":"https:\/\/www.nwrollers.co.uk\/","logo":{"@type":"ImageObject","inLanguage":"fr-CA","@id":"https:\/\/www.nwrollers.co.uk\/#\/schema\/logo\/image\/","url":"https:\/\/www.nwrollers.co.uk\/wp-content\/uploads\/2019\/09\/nwrs-logo.svg","contentUrl":"https:\/\/www.nwrollers.co.uk\/wp-content\/uploads\/2019\/09\/nwrs-logo.svg","width":1,"height":1,"caption":"North West Roller Services Ltd"},"image":{"@id":"https:\/\/www.nwrollers.co.uk\/#\/schema\/logo\/image\/"},"sameAs":["https:\/\/www.linkedin.com\/company\/north-west-roller-services-limited"]}]}},"_links":{"self":[{"href":"https:\/\/www.nwrollers.co.uk\/fr\/wp-json\/wp\/v2\/pages\/7704","targetHints":{"allow":["GET"]}}],"collection":[{"href":"https:\/\/www.nwrollers.co.uk\/fr\/wp-json\/wp\/v2\/pages"}],"about":[{"href":"https:\/\/www.nwrollers.co.uk\/fr\/wp-json\/wp\/v2\/types\/page"}],"author":[{"embeddable":true,"href":"https:\/\/www.nwrollers.co.uk\/fr\/wp-json\/wp\/v2\/users\/1"}],"replies":[{"embeddable":true,"href":"https:\/\/www.nwrollers.co.uk\/fr\/wp-json\/wp\/v2\/comments?post=7704"}],"version-history":[{"count":0,"href":"https:\/\/www.nwrollers.co.uk\/fr\/wp-json\/wp\/v2\/pages\/7704\/revisions"}],"wp:featuredmedia":[{"embeddable":true,"href":"https:\/\/www.nwrollers.co.uk\/fr\/wp-json\/wp\/v2\/media\/7907"}],"wp:attachment":[{"href":"https:\/\/www.nwrollers.co.uk\/fr\/wp-json\/wp\/v2\/media?parent=7704"}],"curies":[{"name":"wp","href":"https:\/\/api.w.org\/{rel}","templated":true}]}}