{"id":7497,"date":"2021-08-04T09:58:08","date_gmt":"2021-08-04T08:58:08","guid":{"rendered":"https:\/\/www.nwrollers.co.uk\/?page_id=7497"},"modified":"2025-11-28T13:20:42","modified_gmt":"2025-11-28T13:20:42","slug":"gdpr-privacy-policy","status":"publish","type":"page","link":"https:\/\/www.nwrollers.co.uk\/es\/gdpr-privacy-policy\/","title":{"rendered":"Pol\u00edtica de privacidad y GDPR"},"content":{"rendered":"<div data-elementor-type=\"wp-page\" data-elementor-id=\"7497\" class=\"elementor elementor-7497\">\n\t\t\t\t<div class=\"elementor-element elementor-element-3384481 e-flex e-con-boxed e-con e-parent\" data-id=\"3384481\" data-element_type=\"container\" data-e-type=\"container\" data-settings=\"{&quot;background_background&quot;:&quot;classic&quot;}\">\n\t\t\t\t\t<div class=\"e-con-inner\">\n\t\t<div class=\"elementor-element elementor-element-8edc458 e-con-full e-flex e-con e-child\" data-id=\"8edc458\" data-element_type=\"container\" data-e-type=\"container\">\n\t\t\t\t<div class=\"elementor-element elementor-element-e0bbf4b elementor-widget elementor-widget-heading\" data-id=\"e0bbf4b\" data-element_type=\"widget\" data-e-type=\"widget\" data-widget_type=\"heading.default\">\n\t\t\t\t\t<h1 class=\"elementor-heading-title elementor-size-default\">Pol\u00edtica de privacidad<\/h1>\t\t\t\t<\/div>\n\t\t\t\t<\/div>\n\t\t\t\t\t<\/div>\n\t\t\t\t<\/div>\n\t\t<div class=\"elementor-element elementor-element-7e207244 e-flex e-con-boxed e-con e-parent\" data-id=\"7e207244\" data-element_type=\"container\" data-e-type=\"container\">\n\t\t\t\t\t<div class=\"e-con-inner\">\n\t\t\t\t<div class=\"elementor-element elementor-element-50008280 elementor-widget elementor-widget-text-editor\" data-id=\"50008280\" data-element_type=\"widget\" data-e-type=\"widget\" data-widget_type=\"text-editor.default\">\n\t\t\t\t\t\t\t\t\t<h2><span style=\"font-weight: 400;\">Quienes somos<\/span><\/h2><p>La direcci\u00f3n de nuestro sitio web es: https:\/\/www.nwrollers.co.uk<\/p><p>Puede ponerse en contacto con nosotros por correo electr\u00f3nico en enquiries@nwrollers.co.uk<\/p><p>Nos pueden contactar por tel\u00e9fono al\u00a0<strong>+44 (0) 1928 571711<\/strong><\/p><hr \/><p>Esta pol\u00edtica de privacidad establece c\u00f3mo NW Roller Services Ltd usa y protege cualquier informaci\u00f3n que usted le da a la Compa\u00f1\u00eda cuando usa este sitio web. Tambi\u00e9n se puede recopilar informaci\u00f3n cuando se comunique con nosotros por tel\u00e9fono, correo postal o correo electr\u00f3nico.<\/p><p>NW Roller Services Ltd se compromete a garantizar que su privacidad est\u00e9 protegida. Si le solicitamos cierta informaci\u00f3n mediante la cual podamos identificarlo, puede estar seguro de que solo se utilizar\u00e1 de acuerdo con esta declaraci\u00f3n de privacidad. Esta pol\u00edtica es efectiva a partir del 27\/10\/2021.<\/p><p><strong>Lo que recolectamos<\/strong><\/p><p>Podemos recopilar la siguiente informaci\u00f3n:<\/p><ul><li>Nombre y cargo<\/li><li>Informaci\u00f3n de contacto, incluida la direcci\u00f3n postal y de correo electr\u00f3nico<\/li><li>Otra informaci\u00f3n relevante para su consulta<\/li><li>N\u00famero de registro o IVA de la empresa<\/li><li>Nombres individuales de los empleados de una &quot;Compa\u00f1\u00eda&quot;<\/li><\/ul><p><strong>Qu\u00e9 hacemos con la informaci\u00f3n que recopilamos<\/strong><\/p><p>Requerimos cierta informaci\u00f3n para brindarle un buen servicio y en particular por las siguientes razones:<\/p><ul><li>mantenimiento de registros internos<\/li><li>Podemos utilizar la informaci\u00f3n para ayudar a mejorar nuestros productos y servicios.<\/li><li>Es posible que enviemos peri\u00f3dicamente correos electr\u00f3nicos promocionales sobre nuevos productos, ofertas especiales u otra informaci\u00f3n que creemos que puede resultarle interesante utilizando la direcci\u00f3n de correo electr\u00f3nico que ha proporcionado.<\/li><li>De vez en cuando, tambi\u00e9n podemos utilizar su informaci\u00f3n para comunicarnos con usted con fines de investigaci\u00f3n de mercado.<\/li><\/ul><p>Si previamente ha aceptado que usemos su informaci\u00f3n personal para fines de marketing directo, puede cambiar de opini\u00f3n en cualquier momento escribi\u00e9ndonos a la direcci\u00f3n que se muestra al principio de este documento.<\/p><p><strong>Seguridad<\/strong><\/p><p>Estamos comprometidos a garantizar que su informaci\u00f3n est\u00e9 segura. Para evitar el acceso o la divulgaci\u00f3n no autorizados, hemos implementado procedimientos f\u00edsicos, electr\u00f3nicos y administrativos adecuados para salvaguardar y asegurar la informaci\u00f3n que recopilamos.<\/p><p>No venderemos ni distribuiremos su informaci\u00f3n personal a terceros a menos que tengamos su permiso o la ley nos exija hacerlo.<\/p><p><strong>Reglamento general de protecci\u00f3n de datos: bases legales para el procesamiento de la informaci\u00f3n<\/strong><\/p><p>North West Roller Services Ltd conoce las bases legales bajo las cuales se puede procesar la informaci\u00f3n y las cumplir\u00e1 seg\u00fan corresponda y seg\u00fan lo establecido en el reglamento.<\/p><p>Las bases legales en las que nos basaremos para procesar la informaci\u00f3n cuando sean relevantes son:<\/p><ul><li>Tu consentimiento. Puede retirar su consentimiento en cualquier momento. Puede hacerlo enviando un correo electr\u00f3nico a la Compa\u00f1\u00eda utilizando la siguiente direcci\u00f3n: <a href=\"mailto:enquiries@nwrollers.co.uk\">enquiries@nwrollers.co.uk<\/a><\/li><li>Tenemos una obligaci\u00f3n contractual.<\/li><li>Tenemos una obligaci\u00f3n legal.<\/li><li>Tenemos un inter\u00e9s vital.<\/li><li>Lo necesitamos para realizar una tarea p\u00fablica.<\/li><li>Tenemos un inter\u00e9s leg\u00edtimo.<\/li><\/ul><p>Puede solicitar detalles de la informaci\u00f3n personal que tenemos sobre usted en virtud de la Ley de protecci\u00f3n de datos de 2018. Si desea una copia de la informaci\u00f3n que tenemos sobre usted, escr\u00edbanos a la direcci\u00f3n que figura en la parte superior de este documento.<\/p><p>No conservaremos ninguna informaci\u00f3n personal que tengamos durante m\u00e1s tiempo del necesario por una raz\u00f3n leg\u00edtima. Luego, eliminaremos su informaci\u00f3n triturando copias impresas y eliminando cualquier informaci\u00f3n electr\u00f3nica.<\/p><p><strong>Tus derechos de protecci\u00f3n de datos<\/strong><\/p><p>Seg\u00fan la ley de protecci\u00f3n de datos, tiene derechos que incluyen:<\/p><p>Su derecho de acceso: tiene derecho a solicitarnos copias de su informaci\u00f3n personal.<\/p><p>Su derecho a la rectificaci\u00f3n: tiene derecho a solicitarnos que rectifiquemos la informaci\u00f3n personal que cree que es inexacta. Tambi\u00e9n tiene derecho a solicitarnos que completemos la informaci\u00f3n que cree que est\u00e1 incompleta.<\/p><p>Su derecho a borrar: tiene derecho a solicitarnos que borremos su informaci\u00f3n personal en determinadas circunstancias.<\/p><p>Su derecho a la restricci\u00f3n del procesamiento: tiene derecho a solicitarnos que restrinjamos el procesamiento de su informaci\u00f3n personal en determinadas circunstancias.<\/p><p>Su derecho a oponerse al procesamiento: tiene derecho a oponerse al procesamiento de su informaci\u00f3n personal en determinadas circunstancias.<\/p><p>Su derecho a la portabilidad de datos: tiene derecho a solicitar que transfiramos la informaci\u00f3n personal que nos proporcion\u00f3 a otra organizaci\u00f3n, oa usted, en determinadas circunstancias.<\/p><p>No est\u00e1 obligado a pagar ning\u00fan cargo por ejercer sus derechos. Si realiza una solicitud, tenemos un mes para responderle.<\/p><p>Por favor cont\u00e1ctenos en <a href=\"mailto:enquiries@nwrollers.co.uk\">enquiries@nwrollers.co.uk<\/a> si desea realizar una solicitud.<\/p><p><strong>Como quejarse<\/strong><\/p><p>Si tiene alguna inquietud sobre el uso que hacemos de su informaci\u00f3n personal, puede presentarnos una queja en <a href=\"mailto:enquiries@nwrollers.co.uk\">enquiries@nwrollers.co.uk<\/a><\/p><p>Tambi\u00e9n puede presentar una queja ante la ICO si no est\u00e1 satisfecho con la forma en que hemos utilizado sus datos.<\/p><p>La direcci\u00f3n de la ICO:<\/p><p>Oficina del Comisionado de Informaci\u00f3n<\/p><p>Casa Wycliffe<\/p><p>Carril del agua<\/p><p>Wilmslow<\/p><p>Cheshire<\/p><p>SK9 5AF<\/p><p>N\u00famero de la l\u00ednea de ayuda: 0303 123 1113<\/p><p>Sitio web de ICO: <a href=\"https:\/\/www.ico.org.uk\/\">https:\/\/www.ico.org.uk<\/a><\/p>\t\t\t\t\t\t\t\t<\/div>\n\t\t\t\t\t<\/div>\n\t\t\t\t<\/div>\n\t\t\t\t<\/div>","protected":false},"excerpt":{"rendered":"<p>Privacy Policy Who we are Our website address is: https:\/\/www.nwrollers.co.uk We can be contacted by email on\u00a0enquiries@nwrollers.co.uk We can be contacted by phone on\u00a0+44 (0) 1928 571711 This privacy policy sets out how NW Roller Services Ltd uses and protects any information that you give to the Company when you use this website. Information may [&hellip;]<\/p>\n","protected":false},"author":1,"featured_media":0,"parent":0,"menu_order":0,"comment_status":"closed","ping_status":"closed","template":"","meta":{"footnotes":""},"class_list":["post-7497","page","type-page","status-publish","hentry"],"yoast_head":"<!-- This site is optimized with the Yoast SEO plugin v27.5 - https:\/\/yoast.com\/product\/yoast-seo-wordpress\/ -->\n<title>Privacy &amp; GDPR Policy - North West Rollers<\/title>\n<meta name=\"robots\" content=\"index, follow, max-snippet:-1, max-image-preview:large, max-video-preview:-1\" \/>\n<link rel=\"canonical\" href=\"https:\/\/www.nwrollers.co.uk\/es\/gdpr-privacy-policy\/\" \/>\n<meta property=\"og:locale\" content=\"es_ES\" \/>\n<meta property=\"og:type\" content=\"article\" \/>\n<meta property=\"og:title\" content=\"Privacy &amp; GDPR Policy - North West Rollers\" \/>\n<meta property=\"og:description\" content=\"Privacy Policy Who we are Our website address is: https:\/\/www.nwrollers.co.uk We can be contacted by email on\u00a0enquiries@nwrollers.co.uk We can be contacted by phone on\u00a0+44 (0) 1928 571711 This privacy policy sets out how NW Roller Services Ltd uses and protects any information that you give to the Company when you use this website. Information may [&hellip;]\" \/>\n<meta property=\"og:url\" content=\"https:\/\/www.nwrollers.co.uk\/es\/gdpr-privacy-policy\/\" \/>\n<meta property=\"og:site_name\" content=\"North West Rollers\" \/>\n<meta property=\"article:modified_time\" content=\"2025-11-28T13:20:42+00:00\" \/>\n<meta name=\"twitter:card\" content=\"summary_large_image\" \/>\n<meta name=\"twitter:label1\" content=\"Tiempo de lectura\" \/>\n\t<meta name=\"twitter:data1\" content=\"4 minutos\" \/>\n<script type=\"application\/ld+json\" class=\"yoast-schema-graph\">{\"@context\":\"https:\\\/\\\/schema.org\",\"@graph\":[{\"@type\":\"WebPage\",\"@id\":\"https:\\\/\\\/www.nwrollers.co.uk\\\/it\\\/gdpr-privacy-policy\\\/\",\"url\":\"https:\\\/\\\/www.nwrollers.co.uk\\\/it\\\/gdpr-privacy-policy\\\/\",\"name\":\"Privacy & GDPR Policy - North West Rollers\",\"isPartOf\":{\"@id\":\"https:\\\/\\\/www.nwrollers.co.uk\\\/#website\"},\"datePublished\":\"2021-08-04T08:58:08+00:00\",\"dateModified\":\"2025-11-28T13:20:42+00:00\",\"breadcrumb\":{\"@id\":\"https:\\\/\\\/www.nwrollers.co.uk\\\/it\\\/gdpr-privacy-policy\\\/#breadcrumb\"},\"inLanguage\":\"es\",\"potentialAction\":[{\"@type\":\"ReadAction\",\"target\":[\"https:\\\/\\\/www.nwrollers.co.uk\\\/it\\\/gdpr-privacy-policy\\\/\"]}]},{\"@type\":\"BreadcrumbList\",\"@id\":\"https:\\\/\\\/www.nwrollers.co.uk\\\/it\\\/gdpr-privacy-policy\\\/#breadcrumb\",\"itemListElement\":[{\"@type\":\"ListItem\",\"position\":1,\"name\":\"Home\",\"item\":\"https:\\\/\\\/www.nwrollers.co.uk\\\/\"},{\"@type\":\"ListItem\",\"position\":2,\"name\":\"Privacy &#038; GDPR Policy\"}]},{\"@type\":\"WebSite\",\"@id\":\"https:\\\/\\\/www.nwrollers.co.uk\\\/#website\",\"url\":\"https:\\\/\\\/www.nwrollers.co.uk\\\/\",\"name\":\"North West Roller Services Ltd\",\"description\":\"Northwest Roller Services Limited supply and service on a global basis the Flexographic and Gravure printing and Lamination Industries\",\"publisher\":{\"@id\":\"https:\\\/\\\/www.nwrollers.co.uk\\\/#organization\"},\"potentialAction\":[{\"@type\":\"SearchAction\",\"target\":{\"@type\":\"EntryPoint\",\"urlTemplate\":\"https:\\\/\\\/www.nwrollers.co.uk\\\/?s={search_term_string}\"},\"query-input\":{\"@type\":\"PropertyValueSpecification\",\"valueRequired\":true,\"valueName\":\"search_term_string\"}}],\"inLanguage\":\"es\"},{\"@type\":\"Organization\",\"@id\":\"https:\\\/\\\/www.nwrollers.co.uk\\\/#organization\",\"name\":\"North West Roller Services Ltd\",\"url\":\"https:\\\/\\\/www.nwrollers.co.uk\\\/\",\"logo\":{\"@type\":\"ImageObject\",\"inLanguage\":\"es\",\"@id\":\"https:\\\/\\\/www.nwrollers.co.uk\\\/#\\\/schema\\\/logo\\\/image\\\/\",\"url\":\"https:\\\/\\\/www.nwrollers.co.uk\\\/wp-content\\\/uploads\\\/2019\\\/09\\\/nwrs-logo.svg\",\"contentUrl\":\"https:\\\/\\\/www.nwrollers.co.uk\\\/wp-content\\\/uploads\\\/2019\\\/09\\\/nwrs-logo.svg\",\"width\":1,\"height\":1,\"caption\":\"North West Roller Services Ltd\"},\"image\":{\"@id\":\"https:\\\/\\\/www.nwrollers.co.uk\\\/#\\\/schema\\\/logo\\\/image\\\/\"},\"sameAs\":[\"https:\\\/\\\/www.linkedin.com\\\/company\\\/north-west-roller-services-limited\"]}]}<\/script>\n<!-- \/ Yoast SEO plugin. -->","yoast_head_json":{"title":"Privacy & GDPR Policy - North West Rollers","robots":{"index":"index","follow":"follow","max-snippet":"max-snippet:-1","max-image-preview":"max-image-preview:large","max-video-preview":"max-video-preview:-1"},"canonical":"https:\/\/www.nwrollers.co.uk\/es\/gdpr-privacy-policy\/","og_locale":"es_ES","og_type":"article","og_title":"Privacy & GDPR Policy - North West Rollers","og_description":"Privacy Policy Who we are Our website address is: https:\/\/www.nwrollers.co.uk We can be contacted by email on\u00a0enquiries@nwrollers.co.uk We can be contacted by phone on\u00a0+44 (0) 1928 571711 This privacy policy sets out how NW Roller Services Ltd uses and protects any information that you give to the Company when you use this website. Information may [&hellip;]","og_url":"https:\/\/www.nwrollers.co.uk\/es\/gdpr-privacy-policy\/","og_site_name":"North West Rollers","article_modified_time":"2025-11-28T13:20:42+00:00","twitter_card":"summary_large_image","twitter_misc":{"Tiempo de lectura":"4 minutos"},"schema":{"@context":"https:\/\/schema.org","@graph":[{"@type":"WebPage","@id":"https:\/\/www.nwrollers.co.uk\/it\/gdpr-privacy-policy\/","url":"https:\/\/www.nwrollers.co.uk\/it\/gdpr-privacy-policy\/","name":"Privacy & GDPR Policy - North West Rollers","isPartOf":{"@id":"https:\/\/www.nwrollers.co.uk\/#website"},"datePublished":"2021-08-04T08:58:08+00:00","dateModified":"2025-11-28T13:20:42+00:00","breadcrumb":{"@id":"https:\/\/www.nwrollers.co.uk\/it\/gdpr-privacy-policy\/#breadcrumb"},"inLanguage":"es","potentialAction":[{"@type":"ReadAction","target":["https:\/\/www.nwrollers.co.uk\/it\/gdpr-privacy-policy\/"]}]},{"@type":"BreadcrumbList","@id":"https:\/\/www.nwrollers.co.uk\/it\/gdpr-privacy-policy\/#breadcrumb","itemListElement":[{"@type":"ListItem","position":1,"name":"Home","item":"https:\/\/www.nwrollers.co.uk\/"},{"@type":"ListItem","position":2,"name":"Privacy &#038; GDPR Policy"}]},{"@type":"WebSite","@id":"https:\/\/www.nwrollers.co.uk\/#website","url":"https:\/\/www.nwrollers.co.uk\/","name":"North West Roller Services Ltd","description":"Northwest Roller Services Limited suministra y da servicio a nivel mundial a las industrias de laminaci\u00f3n e impresi\u00f3n flexogr\u00e1fica y de huecograbado","publisher":{"@id":"https:\/\/www.nwrollers.co.uk\/#organization"},"potentialAction":[{"@type":"SearchAction","target":{"@type":"EntryPoint","urlTemplate":"https:\/\/www.nwrollers.co.uk\/?s={search_term_string}"},"query-input":{"@type":"PropertyValueSpecification","valueRequired":true,"valueName":"search_term_string"}}],"inLanguage":"es"},{"@type":"Organization","@id":"https:\/\/www.nwrollers.co.uk\/#organization","name":"North West Roller Services Ltd","url":"https:\/\/www.nwrollers.co.uk\/","logo":{"@type":"ImageObject","inLanguage":"es","@id":"https:\/\/www.nwrollers.co.uk\/#\/schema\/logo\/image\/","url":"https:\/\/www.nwrollers.co.uk\/wp-content\/uploads\/2019\/09\/nwrs-logo.svg","contentUrl":"https:\/\/www.nwrollers.co.uk\/wp-content\/uploads\/2019\/09\/nwrs-logo.svg","width":1,"height":1,"caption":"North West Roller Services Ltd"},"image":{"@id":"https:\/\/www.nwrollers.co.uk\/#\/schema\/logo\/image\/"},"sameAs":["https:\/\/www.linkedin.com\/company\/north-west-roller-services-limited"]}]}},"_links":{"self":[{"href":"https:\/\/www.nwrollers.co.uk\/es\/wp-json\/wp\/v2\/pages\/7497","targetHints":{"allow":["GET"]}}],"collection":[{"href":"https:\/\/www.nwrollers.co.uk\/es\/wp-json\/wp\/v2\/pages"}],"about":[{"href":"https:\/\/www.nwrollers.co.uk\/es\/wp-json\/wp\/v2\/types\/page"}],"author":[{"embeddable":true,"href":"https:\/\/www.nwrollers.co.uk\/es\/wp-json\/wp\/v2\/users\/1"}],"replies":[{"embeddable":true,"href":"https:\/\/www.nwrollers.co.uk\/es\/wp-json\/wp\/v2\/comments?post=7497"}],"version-history":[{"count":0,"href":"https:\/\/www.nwrollers.co.uk\/es\/wp-json\/wp\/v2\/pages\/7497\/revisions"}],"wp:attachment":[{"href":"https:\/\/www.nwrollers.co.uk\/es\/wp-json\/wp\/v2\/media?parent=7497"}],"curies":[{"name":"wp","href":"https:\/\/api.w.org\/{rel}","templated":true}]}}